{"id":822,"date":"2020-11-16T14:25:06","date_gmt":"2020-11-16T14:25:06","guid":{"rendered":"http:\/\/libero.mikado-themes.com\/?page_id=822"},"modified":"2024-08-11T17:53:14","modified_gmt":"2024-08-11T17:53:14","slug":"about-us","status":"publish","type":"page","link":"https:\/\/codolaw.com\/es\/about-us\/","title":{"rendered":"About us"},"content":{"rendered":"<div class=\"wpb-content-wrapper\"><div data-mkd-parallax-speed=\"1\" class=\"vc_row wpb_row vc_row-fluid mkd-section vc_custom_1447774639285 mkd-content-aligment-center mkd-grid-section\" style=\"\"><div class=\"clearfix mkd-section-inner\"><div class=\"mkd-section-inner-margin clearfix\"><div class=\"wpb_column vc_column_container vc_col-sm-12 vc_col-lg-offset-1 vc_col-lg-10 vc_col-md-offset-0 vc_col-md-12\"><div class=\"vc_column-inner\"><div class=\"wpb_wrapper\">\n\t<div  class=\"wpb_single_image wpb_content_element vc_align_center wpb_content_element\">\n\t\t\n\t\t<figure class=\"wpb_wrapper vc_figure\">\n\t\t\t<div class=\"vc_single_image-wrapper   vc_box_border_grey\"><img loading=\"lazy\" decoding=\"async\" width=\"486\" height=\"460\" src=\"https:\/\/codolaw.com\/wp-content\/uploads\/2024\/08\/side-area-2b.jpg\" class=\"vc_single_image-img attachment-large\" alt=\"\" title=\"side-area-2b\" srcset=\"https:\/\/codolaw.com\/wp-content\/uploads\/2024\/08\/side-area-2b.jpg 486w, https:\/\/codolaw.com\/wp-content\/uploads\/2024\/08\/side-area-2b-300x284.jpg 300w\" sizes=\"(max-width: 486px) 100vw, 486px\" \/><\/div>\n\t\t<\/figure>\n\t<\/div>\n<div class=\"mkd-separator-holder clearfix  mkd-separator-center mkd-separator-with-icon mkd-animate\" style=\"margin-top: 20px; margin-bottom: 20px\">\n\t<div class=\"mkd-separator\" style=\"border-color: #008c87;border-style: solid;width: 108px\"><\/div>\n\t\t<div class=\"mkd-separator-icon\">\n\t\t\t                    <img loading=\"lazy\" decoding=\"async\" width=\"34\" height=\"23\" src=\"https:\/\/codolaw.com\/wp-content\/uploads\/2020\/10\/h1-separator-custom-icon-1b.png\" class=\"attachment-full size-full\" alt=\"\" srcset=\"https:\/\/codolaw.com\/wp-content\/uploads\/2020\/10\/h1-separator-custom-icon-1b.png 34w, https:\/\/codolaw.com\/wp-content\/uploads\/2020\/10\/h1-separator-custom-icon-1b-16x12.png 16w\" sizes=\"(max-width: 34px) 100vw, 34px\" \/>\t\t\t\t\t\t<\/div>\n\t<div class=\"mkd-separator\" style=\"border-color: #008c87;border-style: solid;width: 108px\"><\/div>\n<\/div>\n\n\t<div class=\"wpb_text_column wpb_content_element\" >\n\t\t<div class=\"wpb_wrapper\">\n\t\t\t<h1 style=\"text-align: center;\"><span style=\"font-size: 36pt;\">40 YEARS OF EXPERIENCE<\/span><\/h1>\n\n\t\t<\/div>\n\t<\/div>\n<div class=\"vc_empty_space\"   style=\"height: 10px\"><span class=\"vc_empty_space_inner\"><\/span><\/div>\n\t<div class=\"wpb_text_column wpb_content_element\" >\n\t\t<div class=\"wpb_wrapper\">\n\t\t\t<h2 style=\"text-align: center;\"><span style=\"font-size: 24pt;\">\u00bfQUI\u00c9N ES CODO LAW?<\/span><\/h2>\n\n\t\t<\/div>\n\t<\/div>\n<div class=\"vc_empty_space\"   style=\"height: 20px\"><span class=\"vc_empty_space_inner\"><\/span><\/div>\n\t<div class=\"wpb_text_column wpb_content_element\" >\n\t\t<div class=\"wpb_wrapper\">\n\t\t\t<p style=\"text-align: justify;\"><span style=\"font-size: 14pt;\">\u00a0 \u00a0 \u00a0Colgan Dominelli Law (Codo Law) is a Florida personal injury law firm that specializes in the litigation of all types of injuries and accidents.\u00a0 Our founders and litigation attorneys previously worked as insurance defense attorneys and now have combined experience exceeding 40 years.\u00a0 The invaluable skills and inside information we obtained allows us to promptly evaluate a personal injury claim and identify the strengths, so that we may successfully and carefully advise our clients. We know that big insurance companies will try to take advantage of \u201cthe little guy\u201d after an accident, and we have mastered how to overcome them. Our Mission is to aggressively prosecute our clients\u2019 claims and protect our injured clients from any unfair insurance practices. No case is too small or too complex for us. We will work tirelessly and ethically to ensure that all of our clients receive the best service and compensation.<\/span><\/p>\n<p>&nbsp;<\/p>\n<p style=\"text-align: justify;\"><span style=\"font-size: 14pt;\">\u00a0 \u00a0 \u00a0Lo que nos separa de otras firmas de lesiones personales es que litigamos todas las reclamaciones que no reciben una oferta de compensaci\u00f3n justa. Esto significa que presentaremos una demanda y acudiremos a los tribunales si es lo mejor para nuestros clientes. Hemos llevado a juicio decenas de casos para obtener justicia. Sabemos que hay ciertas compa\u00f1\u00edas de seguros que no pagar\u00e1n mucho dinero a menos que se presente una demanda. Nuestros abogados manejar\u00e1n personalmente su caso en cada paso del camino, desde el comienzo del tratamiento m\u00e9dico hasta el juicio. Adoptamos un enfoque pr\u00e1ctico y llegamos a conocer a todos nuestros clientes con la comunicaci\u00f3n directa de abogado a cliente. Sabemos que puede ser abrumador lidiar con ajustadores de veh\u00edculos, facturas y compa\u00f1\u00edas de seguros, todo mientras trata sus lesiones. Es por eso por lo que manejamos todos los aspectos del caso, para que pueda concentrarse en su propio bienestar. No nos detendremos hasta que obtengamos un acuerdo o laudo del jurado que refleje la justicia que merecen nuestros clientes.<\/span><\/p>\n<p>&nbsp;<\/p>\n<p style=\"text-align: justify;\"><span style=\"font-size: 14pt;\">\u00a0 \u00a0 \u00a0Si result\u00f3 lesionado en un accidente, nunca es demasiado tarde ni demasiado temprano para consultarnos. Podemos acudir a usted inmediatamente despu\u00e9s de que ocurra el accidente o preparar su caso para el juicio si su primer abogado no lo hiciera. Hemos visto el otro lado y sabemos c\u00f3mo abordar los problemas legales. Somos el bufete de abogados de lesiones en el que puede confiar.<\/span><\/p>\n\n\t\t<\/div>\n\t<\/div>\n<\/div><\/div><\/div><\/div><\/div><\/div><div data-mkd-parallax-speed=\"1\" class=\"vc_row wpb_row vc_row-fluid mkd-section vc_custom_1607629682299 mkd-content-aligment-left mkd-grid-section\" style=\"\"><div class=\"clearfix mkd-section-inner\"><div class=\"mkd-section-inner-margin clearfix\"><div class=\"wpb_column vc_column_container vc_col-sm-12\"><div class=\"vc_column-inner\"><div class=\"wpb_wrapper\">\n<blockquote class=\"mkd-blockquote-shortcode\" style=\"border-color: #008c87\" >\n\t<span class=\"mkd-icon-quotations-holder\" style=\"color: #ffffff\">\n\t\t<span aria-hidden=\"true\" class=\"mkd-icon-font-elegant icon_quotations\" ><\/span>\t<\/span>\n\t<h4 class=\"mkd-blockquote-text\" style=\"color: #ffffff\">\n\t<span>\u201cA veces puede encontrarse en una situaci\u00f3n dif\u00edcil, sin una soluci\u00f3n posible sin tener que acudir a la corte. Nuestros abogados tambi\u00e9n lo representar\u00e1n en varios casos de litigio civil y le brindar\u00e1n la ayuda que necesite de la mejor manera posible\u201d.<\/span>\n\t<\/h4>\n<\/blockquote><\/div><\/div><\/div><\/div><\/div><\/div>\n<\/div>","protected":false},"excerpt":{"rendered":"40 YEARS OF EXPERIENCE WHO IS CODO LAW? \u00a0 \u00a0 \u00a0Colgan Dominelli Law (Codo Law) is a Florida personal injury law firm that specializes in the litigation of all types of injuries and accidents.\u00a0 Our founders and litigation attorneys previously worked as insurance defense attorneys and now have combined experience exceeding 40 years.\u00a0 The invaluable skills and inside information we obtained allows us to promptly evaluate a personal injury claim and identify the strengths, so that we may successfully and carefully advise our clients. We know that big insurance companies will try to take advantage of \u201cthe little guy\u201d after...","protected":false},"author":2,"featured_media":0,"parent":0,"menu_order":0,"comment_status":"closed","ping_status":"closed","template":"full-width.php","meta":{"footnotes":""},"yoast_head":"<!-- This site is optimized with the Yoast SEO plugin v23.6 - https:\/\/yoast.com\/wordpress\/plugins\/seo\/ -->\n<title>About us - Colgan Dominelli Law<\/title>\n<meta name=\"robots\" content=\"index, follow, max-snippet:-1, max-image-preview:large, max-video-preview:-1\" \/>\n<link rel=\"canonical\" href=\"https:\/\/www.lawyer.com\/firm\/colgan-dominelli-law-pllc.html\" \/>\n<meta property=\"og:locale\" content=\"es_ES\" \/>\n<meta property=\"og:type\" content=\"article\" \/>\n<meta property=\"og:title\" content=\"About us - Colgan Dominelli Law\" \/>\n<meta property=\"og:url\" content=\"https:\/\/www.lawyer.com\/firm\/colgan-dominelli-law-pllc.html\" \/>\n<meta property=\"og:site_name\" content=\"Colgan Dominelli Law\" \/>\n<meta property=\"article:modified_time\" content=\"2024-08-11T17:53:14+00:00\" \/>\n<meta name=\"twitter:card\" content=\"summary_large_image\" \/>\n<meta name=\"twitter:label1\" content=\"Tiempo de lectura\" \/>\n\t<meta name=\"twitter:data1\" content=\"3 minutos\" \/>\n<script type=\"application\/ld+json\" class=\"yoast-schema-graph\">{\"@context\":\"https:\/\/schema.org\",\"@graph\":[{\"@type\":\"WebPage\",\"@id\":\"https:\/\/codolaw.com\/about-us\/\",\"url\":\"https:\/\/www.lawyer.com\/firm\/colgan-dominelli-law-pllc.html\",\"name\":\"About us - Colgan Dominelli Law\",\"isPartOf\":{\"@id\":\"https:\/\/codolaw.com\/#website\"},\"datePublished\":\"2020-11-16T14:25:06+00:00\",\"dateModified\":\"2024-08-11T17:53:14+00:00\",\"breadcrumb\":{\"@id\":\"https:\/\/www.lawyer.com\/firm\/colgan-dominelli-law-pllc.html#breadcrumb\"},\"inLanguage\":\"es\",\"potentialAction\":[{\"@type\":\"ReadAction\",\"target\":[\"https:\/\/www.lawyer.com\/firm\/colgan-dominelli-law-pllc.html\"]}]},{\"@type\":\"BreadcrumbList\",\"@id\":\"https:\/\/www.lawyer.com\/firm\/colgan-dominelli-law-pllc.html#breadcrumb\",\"itemListElement\":[{\"@type\":\"ListItem\",\"position\":1,\"name\":\"Home\",\"item\":\"https:\/\/codolaw.com\/es\/\"},{\"@type\":\"ListItem\",\"position\":2,\"name\":\"About us\"}]},{\"@type\":\"WebSite\",\"@id\":\"https:\/\/codolaw.com\/#website\",\"url\":\"https:\/\/codolaw.com\/\",\"name\":\"Colgan Dominelli Law\",\"description\":\"Injury &amp; Car Accident Lawyers\",\"potentialAction\":[{\"@type\":\"SearchAction\",\"target\":{\"@type\":\"EntryPoint\",\"urlTemplate\":\"https:\/\/codolaw.com\/?s={search_term_string}\"},\"query-input\":{\"@type\":\"PropertyValueSpecification\",\"valueRequired\":true,\"valueName\":\"search_term_string\"}}],\"inLanguage\":\"es\"}]}<\/script>\n<!-- \/ Yoast SEO plugin. -->","yoast_head_json":{"title":"About us - Colgan Dominelli Law","robots":{"index":"index","follow":"follow","max-snippet":"max-snippet:-1","max-image-preview":"max-image-preview:large","max-video-preview":"max-video-preview:-1"},"canonical":"https:\/\/www.lawyer.com\/firm\/colgan-dominelli-law-pllc.html","og_locale":"es_ES","og_type":"article","og_title":"About us - Colgan Dominelli Law","og_url":"https:\/\/www.lawyer.com\/firm\/colgan-dominelli-law-pllc.html","og_site_name":"Colgan Dominelli Law","article_modified_time":"2024-08-11T17:53:14+00:00","twitter_card":"summary_large_image","twitter_misc":{"Tiempo de lectura":"3 minutos"},"schema":{"@context":"https:\/\/schema.org","@graph":[{"@type":"WebPage","@id":"https:\/\/codolaw.com\/about-us\/","url":"https:\/\/www.lawyer.com\/firm\/colgan-dominelli-law-pllc.html","name":"About us - Colgan Dominelli Law","isPartOf":{"@id":"https:\/\/codolaw.com\/#website"},"datePublished":"2020-11-16T14:25:06+00:00","dateModified":"2024-08-11T17:53:14+00:00","breadcrumb":{"@id":"https:\/\/www.lawyer.com\/firm\/colgan-dominelli-law-pllc.html#breadcrumb"},"inLanguage":"es","potentialAction":[{"@type":"ReadAction","target":["https:\/\/www.lawyer.com\/firm\/colgan-dominelli-law-pllc.html"]}]},{"@type":"BreadcrumbList","@id":"https:\/\/www.lawyer.com\/firm\/colgan-dominelli-law-pllc.html#breadcrumb","itemListElement":[{"@type":"ListItem","position":1,"name":"Home","item":"https:\/\/codolaw.com\/es\/"},{"@type":"ListItem","position":2,"name":"About us"}]},{"@type":"WebSite","@id":"https:\/\/codolaw.com\/#website","url":"https:\/\/codolaw.com\/","name":"Colgan Dominelli Law","description":"Injury &amp; Car Accident Lawyers","potentialAction":[{"@type":"SearchAction","target":{"@type":"EntryPoint","urlTemplate":"https:\/\/codolaw.com\/?s={search_term_string}"},"query-input":{"@type":"PropertyValueSpecification","valueRequired":true,"valueName":"search_term_string"}}],"inLanguage":"es"}]}},"_links":{"self":[{"href":"https:\/\/codolaw.com\/es\/wp-json\/wp\/v2\/pages\/822"}],"collection":[{"href":"https:\/\/codolaw.com\/es\/wp-json\/wp\/v2\/pages"}],"about":[{"href":"https:\/\/codolaw.com\/es\/wp-json\/wp\/v2\/types\/page"}],"author":[{"embeddable":true,"href":"https:\/\/codolaw.com\/es\/wp-json\/wp\/v2\/users\/2"}],"replies":[{"embeddable":true,"href":"https:\/\/codolaw.com\/es\/wp-json\/wp\/v2\/comments?post=822"}],"version-history":[{"count":49,"href":"https:\/\/codolaw.com\/es\/wp-json\/wp\/v2\/pages\/822\/revisions"}],"predecessor-version":[{"id":3449,"href":"https:\/\/codolaw.com\/es\/wp-json\/wp\/v2\/pages\/822\/revisions\/3449"}],"wp:attachment":[{"href":"https:\/\/codolaw.com\/es\/wp-json\/wp\/v2\/media?parent=822"}],"curies":[{"name":"wp","href":"https:\/\/api.w.org\/{rel}","templated":true}]}}