{"id":748,"date":"2020-11-16T12:31:25","date_gmt":"2020-11-16T12:31:25","guid":{"rendered":"http:\/\/libero.mikado-themes.com\/?page_id=748"},"modified":"2020-12-04T03:19:55","modified_gmt":"2020-12-04T03:19:55","slug":"car-accidents","status":"publish","type":"page","link":"https:\/\/codolaw.com\/es\/car-accidents\/","title":{"rendered":"ACCIDENTES DE AUTO"},"content":{"rendered":"<div class=\"wpb-content-wrapper\"><div data-mkd-parallax-speed=\"1\" class=\"vc_row wpb_row vc_row-fluid mkd-section vc_custom_1447677425868 mkd-content-aligment-left mkd-grid-section\" style=\"\"><div class=\"clearfix mkd-section-inner\"><div class=\"mkd-section-inner-margin clearfix\"><div class=\"wpb_column vc_column_container vc_col-sm-12 vc_col-lg-9 vc_col-md-12\"><div class=\"vc_column-inner\"><div class=\"wpb_wrapper\"><div class=\"mkd-elements-holder mkd-responsive-mode-768\" ><div class=\"mkd-elements-holder-item mkd-horizontal-alignment-center\" style=\"background-image: url(https:\/\/codolaw.com\/wp-content\/uploads\/2015\/11\/cai-img-1.jpg)\">\n\t<div class=\"mkd-elements-holder-item-inner\">\n\t\t<div class=\"mkd-elements-holder-item-content mkd-elements-holder-custom-559520\" style=\"padding: 3% 16%\">\n\t\t\t\t\t\t\n\t<div class=\"wpb_text_column wpb_content_element\" >\n\t\t<div class=\"wpb_wrapper\">\n\t\t\t<h1 style=\"text-align: center;\"><span style=\"color: #ffffff;\">Hemos recuperado millones de dol\u00e1res para nuestros clientes<\/span><\/h1>\n<p style=\"text-align: center;\"><span style=\"font-size: 14pt; color: #ffffff;\">Nuestra firma tiene la experiencia necesaria para guiarlo a trav\u00e9s del complejo proceso legal posterior a un accidente.<\/span><\/p>\n<p style=\"text-align: center;\"><span style=\"font-size: 14pt; color: #ffffff;\">Sabemos lo que puede significar una lesi\u00f3n grave o la muerte para usted y su familia.<\/span><\/p>\n\n\t\t<\/div>\n\t<\/div>\n<div class=\"mkd-separator-holder clearfix  mkd-separator-center mkd-separator-with-icon\" style=\"margin-top: 20px; margin-bottom: 20px\">\n\t<div class=\"mkd-separator\" style=\"border-color: #ffffff;border-style: solid;width: 60px\"><\/div>\n\t\t<div class=\"mkd-separator-icon\">\n\t\t\t                    <img loading=\"lazy\" decoding=\"async\" width=\"34\" height=\"23\" src=\"https:\/\/codolaw.com\/wp-content\/uploads\/2015\/11\/h1-separator-custom-icon-1-white.png\" class=\"attachment-full size-full\" alt=\"a\" \/>\t\t\t\t\t\t<\/div>\n\t<div class=\"mkd-separator\" style=\"border-color: #ffffff;border-style: solid;width: 60px\"><\/div>\n<\/div>\n\t\t<\/div>\n\t<\/div>\n<\/div><\/div><div data-mkd-parallax-speed=\"1\" class=\"vc_row wpb_row vc_inner vc_row-fluid mkd-section vc_custom_1447678838422 mkd-content-aligment-left\" style=\"\"><div class=\"mkd-full-section-inner\"><div class=\"wpb_column vc_column_container vc_col-sm-6\"><div class=\"vc_column-inner\"><div class=\"wpb_wrapper\">\n<h2 class=\"mkd-custom-font-holder\" style=\"font-size: 16px;line-height: 20px;font-weight: 900\" data-font-size= \"16\" data-line-height= \"20\">\n\tComo Abogados de Accidentes Auto, Le Ofrecemos:<\/h2><div class=\"vc_empty_space\"   style=\"height: 20px\"><span class=\"vc_empty_space_inner\"><\/span><\/div><div class=\"mkd-icon-list-item\">\n\t<div class=\"mkd-icon-list-icon-holder\">\n        <div class=\"mkd-icon-list-icon-holder-inner clearfix\" data-icon-size=\"18\">\n\t\t\t<span aria-hidden=\"true\" class=\"mkd-icon-font-elegant icon_check\" style=\"color:#008c87;font-size:18px\" ><\/span>\t\t<\/div>\n\t<\/div>\n\t<p class=\"mkd-icon-list-text\" style=\"color:#6a6a6a;font-size:18px;text-transform:none\" data-title-size=\"18\"> Consulta telef\u00f3nica, domiciliaria u hospitalaria gratuita<\/p>\n<\/div><div class=\"vc_empty_space\"   style=\"height: 6px\"><span class=\"vc_empty_space_inner\"><\/span><\/div><div class=\"mkd-icon-list-item\">\n\t<div class=\"mkd-icon-list-icon-holder\">\n        <div class=\"mkd-icon-list-icon-holder-inner clearfix\" data-icon-size=\"18\">\n\t\t\t<span aria-hidden=\"true\" class=\"mkd-icon-font-elegant icon_check\" style=\"color:#008c87;font-size:18px\" ><\/span>\t\t<\/div>\n\t<\/div>\n\t<p class=\"mkd-icon-list-text\" style=\"color:#6a6a6a;font-size:18px;text-transform:none\" data-title-size=\"18\"> Representaci\u00f3n en todo el estado<\/p>\n<\/div><div class=\"vc_empty_space\"   style=\"height: 6px\"><span class=\"vc_empty_space_inner\"><\/span><\/div><div class=\"mkd-icon-list-item\">\n\t<div class=\"mkd-icon-list-icon-holder\">\n        <div class=\"mkd-icon-list-icon-holder-inner clearfix\" data-icon-size=\"18\">\n\t\t\t<span aria-hidden=\"true\" class=\"mkd-icon-font-elegant icon_check\" style=\"color:#008c87;font-size:18px\" ><\/span>\t\t<\/div>\n\t<\/div>\n\t<p class=\"mkd-icon-list-text\" style=\"color:#6a6a6a;font-size:18px;text-transform:none\" data-title-size=\"18\"> No se cobran tarifas hasta que ganemos<\/p>\n<\/div><div class=\"vc_empty_space\"   style=\"height: 6px\"><span class=\"vc_empty_space_inner\"><\/span><\/div><div class=\"mkd-icon-list-item\">\n\t<div class=\"mkd-icon-list-icon-holder\">\n        <div class=\"mkd-icon-list-icon-holder-inner clearfix\" data-icon-size=\"18\">\n\t\t\t<span aria-hidden=\"true\" class=\"mkd-icon-font-elegant icon_check\" style=\"color:#008c87;font-size:18px\" ><\/span>\t\t<\/div>\n\t<\/div>\n\t<p class=\"mkd-icon-list-text\" style=\"color:#6a6a6a;font-size:18px;text-transform:none\" data-title-size=\"18\"> Una firma legal en la que puede confiar<\/p>\n<\/div><div class=\"vc_empty_space\"   style=\"height: 40px\"><span class=\"vc_empty_space_inner\"><\/span><\/div><\/div><\/div><\/div><div class=\"wpb_column vc_column_container vc_col-sm-6\"><div class=\"vc_column-inner\"><div class=\"wpb_wrapper\">\n<h2 class=\"mkd-custom-font-holder\" style=\"font-size: 16px;line-height: 20px;font-weight: 900\" data-font-size= \"16\" data-line-height= \"20\">\n\tCOMO NUESTRO CLIENTE, SUS DERECHOS A LA COMPENSACI\u00d3N SON:<\/h2><div class=\"vc_empty_space\"   style=\"height: 20px\"><span class=\"vc_empty_space_inner\"><\/span><\/div><div class=\"mkd-icon-list-item\">\n\t<div class=\"mkd-icon-list-icon-holder\">\n        <div class=\"mkd-icon-list-icon-holder-inner clearfix\" data-icon-size=\"18\">\n\t\t\t<span aria-hidden=\"true\" class=\"mkd-icon-font-elegant icon_check\" style=\"color:#008c87;font-size:18px\" ><\/span>\t\t<\/div>\n\t<\/div>\n\t<p class=\"mkd-icon-list-text\" style=\"color:#6a6a6a;font-size:18px;text-transform:none\" data-title-size=\"18\"> Pago de facturas m\u00e9dicas<\/p>\n<\/div><div class=\"vc_empty_space\"   style=\"height: 6px\"><span class=\"vc_empty_space_inner\"><\/span><\/div><div class=\"mkd-icon-list-item\">\n\t<div class=\"mkd-icon-list-icon-holder\">\n        <div class=\"mkd-icon-list-icon-holder-inner clearfix\" data-icon-size=\"18\">\n\t\t\t<span aria-hidden=\"true\" class=\"mkd-icon-font-elegant icon_check\" style=\"color:#008c87;font-size:18px\" ><\/span>\t\t<\/div>\n\t<\/div>\n\t<p class=\"mkd-icon-list-text\" style=\"color:#6a6a6a;font-size:18px;text-transform:none\" data-title-size=\"18\"> P\u00e9rdida de ingreso<\/p>\n<\/div><div class=\"vc_empty_space\"   style=\"height: 6px\"><span class=\"vc_empty_space_inner\"><\/span><\/div><div class=\"mkd-icon-list-item\">\n\t<div class=\"mkd-icon-list-icon-holder\">\n        <div class=\"mkd-icon-list-icon-holder-inner clearfix\" data-icon-size=\"18\">\n\t\t\t<span aria-hidden=\"true\" class=\"mkd-icon-font-elegant icon_check\" style=\"color:#008c87;font-size:18px\" ><\/span>\t\t<\/div>\n\t<\/div>\n\t<p class=\"mkd-icon-list-text\" style=\"color:#6a6a6a;font-size:18px;text-transform:none\" data-title-size=\"18\"> Dolor y sufrimiento<\/p>\n<\/div><div class=\"vc_empty_space\"   style=\"height: 40px\"><span class=\"vc_empty_space_inner\"><\/span><\/div><\/div><\/div><\/div><\/div><\/div>\n<h2 class=\"mkd-custom-font-holder\" style=\"font-size: 16px;line-height: 20px;font-weight: 900\" data-font-size= \"16\" data-line-height= \"20\">\n\tAYUDANDO A LAS V\u00cdCTIMAS DE ACCIDENTES DE AUTO EN TODO EL ESTADO<\/h2><div class=\"vc_empty_space\"   style=\"height: 15px\"><span class=\"vc_empty_space_inner\"><\/span><\/div>\n\t<div class=\"wpb_text_column wpb_content_element\" >\n\t\t<div class=\"wpb_wrapper\">\n\t\t\t<p style=\"text-align: justify;\"><span style=\"font-size: 12pt;\">Colgan Dominelli Law representa a clientes de todos los \u00e1mbitos de la vida. Hacemos todo lo posible para ganar su caso lo m\u00e1s r\u00e1pido posible y por la mayor cantidad posible.<\/span><\/p>\n\n\t\t<\/div>\n\t<\/div>\n<div class=\"vc_empty_space\"   style=\"height: 35px\"><span class=\"vc_empty_space_inner\"><\/span><\/div>\n<blockquote class=\"mkd-blockquote-shortcode\" style=\"border-color: #008c87\" >\n\t<span class=\"mkd-icon-quotations-holder\" >\n\t\t<span aria-hidden=\"true\" class=\"mkd-icon-font-elegant icon_quotations\" ><\/span>\t<\/span>\n\t<h3 class=\"mkd-blockquote-text\" >\n\t<span>\u201cUn jurado est\u00e1 formado por doce personas elegidas para decidir qui\u00e9n tiene el mejor abogado\u201d -Robert Frost<\/span>\n\t<\/h3>\n<\/blockquote><div class=\"vc_empty_space\"   style=\"height: 40px\"><span class=\"vc_empty_space_inner\"><\/span><\/div>\n<h2 class=\"mkd-custom-font-holder\" style=\"font-size: 16px;line-height: 20px;font-weight: 900\" data-font-size= \"16\" data-line-height= \"20\">\n\tNUESTRO ENFOQUE PERSONAL PARA RECLAMOS DE ACCIDENTES DE AUTO<\/h2><div class=\"vc_empty_space\"   style=\"height: 15px\"><span class=\"vc_empty_space_inner\"><\/span><\/div>\n\t<div class=\"wpb_text_column wpb_content_element\" >\n\t\t<div class=\"wpb_wrapper\">\n\t\t\t<p style=\"text-align: justify;\"><span style=\"font-size: 12pt;\">Desde el momento en que llama a nuestra oficina, comenzamos a trabajar en su caso. Obtendremos la mayor cantidad de informaci\u00f3n posible de usted, del formulario de Intercambio de conductores que se le entreg\u00f3, as\u00ed como del oficial de polic\u00eda en la escena o cualquier otro testigo. Es absolutamente esencial que encuentre un equipo legal con experiencia como Colgan Dominelli Law lo antes posible. Con cada segundo que pasa desde el momento del impacto, la evidencia vital puede da\u00f1arse, perderse u olvidarse. Por ejemplo, los recuerdos de los testigos pueden cambiar o desvanecerse, las cajas negras (tambi\u00e9n conocidas como registradores de datos de eventos o EDR) se pueden borrar o grabar, y las marcas de patinaje de los neum\u00e1ticos pueden desaparecer con la lluvia. Siempre nos aseguraremos de contratar a cualquier experto o investigador necesario para preservar la evidencia necesaria para procesar con \u00e9xito su reclamo.<\/p>\n\n\t\t<\/div>\n\t<\/div>\n<div class=\"vc_empty_space\"   style=\"height: 23px\"><span class=\"vc_empty_space_inner\"><\/span><\/div>\n\t<div class=\"wpb_text_column wpb_content_element\" >\n\t\t<div class=\"wpb_wrapper\">\n\t\t\t<p>\u00a0<\/span><\/p>\n<p style=\"text-align: justify;\"><span style=\"font-size: 12pt;\">Despu\u00e9s del accidente, nos aseguraremos de que sea tratado por m\u00e9dicos competentes y de buena reputaci\u00f3n que siempre dar\u00e1n prioridad a su salud y maximizar\u00e1n sus posibilidades de una recuperaci\u00f3n completa. Al finalizar su tratamiento m\u00e9dico, recopilaremos todos sus registros pertinentes y enviaremos una Carta de Demanda completa a la compa\u00f1\u00eda de seguros de la parte culpable. A partir de ese momento actuaremos con celo y diligencia en la lucha por una justa compensaci\u00f3n.<\/span><\/p>\n\n\t\t<\/div>\n\t<\/div>\n<div class=\"vc_empty_space\"   style=\"height: 35px\"><span class=\"vc_empty_space_inner\"><\/span><\/div>\n\t<div class=\"wpb_text_column wpb_content_element\" >\n\t\t<div class=\"wpb_wrapper\">\n\t\t\t<p style=\"text-align: justify;\"><span style=\"font-size: 12pt;\">Nuestros clientes esperan resultados y tenemos la confianza para cumplir. Como cliente de Colgan Dominelli Law, no solo recibir\u00e1 representaci\u00f3n legal altamente calificada, sino que tambi\u00e9n recibir\u00e1 un trato de primera clase. Nuestros resultados, que abarcan m\u00e1s de tres d\u00e9cadas, son bien reconocidos y la mayor\u00eda de nuestros nuevos clientes provienen de referencias de antiguos clientes. Adem\u00e1s, numerosos bufetes de abogados nos remiten a sus clientes lesionados debido a nuestra reputaci\u00f3n como litigantes experimentados.<\/span><\/p>\n\n\t\t<\/div>\n\t<\/div>\n<div class=\"vc_empty_space\"   style=\"height: 40px\"><span class=\"vc_empty_space_inner\"><\/span><\/div>\n\n\t<div class=\"mkd-call-to-action with-icon\" style=\"background-color: #f2f2f2;border: 1px solid #d8d8d8;\">\n\n\t\t\t\t\t<div class=\"mkd-call-to-action-row-66-33 clearfix\" style=\"padding: 2%;\">\n\t\t\n\t\t\t\t<div class=\"mkd-text-wrapper mkd-call-to-action-column1 mkd-call-to-action-cell\">\n\n\t\t\t\t\t\t\t\t\t<div class=\"mkd-call-to-action-icon-holder\">\n\t\t\t\t\t\t<div class=\"mkd-call-to-action-icon\">\n\t\t\t\t\t\t\t<div class=\"mkd-call-to-action-icon-inner\">\n\t\t\t\t\t\t\t\t<i class=\"mkd-icon-simple-line-icon icon-globe\" style=\"font-size: 33px; ;color: #008c87; \" ><\/i>\t\t\t\t\t\t\t<\/div>\n\t\t\t\t\t\t<\/div>\n\t\t\t\t\t<\/div>\n\t\t\t\t\n\t\t\t\t\t<div class=\"mkd-call-to-action-text\" >\n\t\t\t\t\t\t<h3><span style=\"color: #222222;\">\u00bfNecesitas ayuda? Cont\u00e1ctanos ahora.<\/span><\/h3>\n\t\t\t\t\t<\/div>\n\n\t\t\t\t<\/div>\n\n\t\t\t\t\n\t\t\t\t\t<div class=\"mkd-button-wrapper mkd-call-to-action-column2 mkd-call-to-action-cell\" style =\"text-align: right ;\">\n\n\t\t\t\t\t\t<a href=\"#\" target=\"_self\" style=\"background-color: #3e475d\" class=\"mkd-btn mkd-btn-medium mkd-btn-solid mkd-btn-icon\"  >    <span class=\"mkd-btn-text\"  >EVALUACI\u00d3N DE CASO GRATUITA<\/span><span class=\"mkd-btn-icon-holder\">            <span aria-hidden=\"true\" class=\"mkd-icon-font-elegant arrow_carrot-right mkd-btn-icon-elem\" ><\/span>            <span aria-hidden=\"true\" class=\"mkd-icon-font-elegant arrow_carrot-right mkd-btn-icon-elem\" ><\/span>        <\/span>    <\/a>\n\t\t\t\t\t<\/div>\n\n\t\t\t\t\n\t\t\t<\/div>\n\n\t\t\n\t<\/div>\n\n<div class=\"vc_empty_space\"   style=\"height: 70px\"><span class=\"vc_empty_space_inner\"><\/span><\/div><\/div><\/div><\/div><div class=\"wpb_column vc_column_container vc_col-sm-6 vc_col-lg-offset-0 vc_col-lg-3 vc_col-md-offset-3 vc_col-md-6 vc_col-sm-offset-3\"><div class=\"vc_column-inner vc_custom_1448019881202\"><div class=\"wpb_wrapper\"><div class=\"mkd-elements-holder mkd-responsive-mode-768\" ><div class=\"mkd-elements-holder-item mkd-horizontal-alignment-center\" >\n\t<div class=\"mkd-elements-holder-item-inner\">\n\t\t<div class=\"mkd-elements-holder-item-content mkd-elements-holder-custom-569119\" style=\"padding: 0px 15px\">\n\t\t\t\t\t\t<div  class=\"wpb_widgetised_column wpb_content_element\">\n\t\t<div class=\"wpb_wrapper\">\n\t\t\t\n\t\t\t<div class=\"widget mkd-holder-widget mkd-holder-has-icon\">\n\t\t\t\t\t\t<div class=\"mkd-holder-icon\">\n\t\t\t\t\n    <span class=\"mkd-icon-shortcode circle mkd-icon-small\"  >\n        \n        <i class=\"mkd-icon-simple-line-icon icon-earphones-alt mkd-icon-element\" style=\"\" ><\/i>\n                <span  class=\"mkd-background\"><\/span>\n    <\/span>\n\n\t\t\t<\/div>\n\t\t\t\t\t\t<div class=\"mkd-holder-content-outer\">\n\t\t\t\t<div class=\"mkd-holder-titles\">\n\t\t\t\t\t\t\t\t\t\t<h4>Cont\u00e1ctenos ahora<\/h4>\n\t\t\t\t\t\t\t\t\t\t\t\t\t\t\t<h5>Consulta Gratis<\/h5>\n\t\t\t\t\t\t\t\t\t<\/div>\n\t\t\t\t<div class=\"mkd-holder-content\" style=\"background-color:#f2f2f2;padding: 15px;\">\n\t\t\t\t\t\n<div class=\"wpcf7 no-js\" id=\"wpcf7-f691-o1\" lang=\"en-US\" dir=\"ltr\">\n<div class=\"screen-reader-response\"><p role=\"status\" aria-live=\"polite\" aria-atomic=\"true\"><\/p> <ul><\/ul><\/div>\n<form action=\"\/es\/wp-json\/wp\/v2\/pages\/748#wpcf7-f691-o1\" method=\"post\" class=\"wpcf7-form init\" aria-label=\"Contact form\" novalidate=\"novalidate\" data-status=\"init\" data-trp-original-action=\"\/es\/wp-json\/wp\/v2\/pages\/748#wpcf7-f691-o1\">\n<div style=\"display: none;\">\n<input type=\"hidden\" name=\"_wpcf7\" value=\"691\" \/>\n<input type=\"hidden\" name=\"_wpcf7_version\" value=\"5.9.8\" \/>\n<input type=\"hidden\" name=\"_wpcf7_locale\" value=\"en_US\" \/>\n<input type=\"hidden\" name=\"_wpcf7_unit_tag\" value=\"wpcf7-f691-o1\" \/>\n<input type=\"hidden\" name=\"_wpcf7_container_post\" value=\"0\" \/>\n<input type=\"hidden\" name=\"_wpcf7_posted_data_hash\" value=\"\" \/>\n<\/div>\n<p><span class=\"wpcf7-form-control-wrap\" data-name=\"text-185\"><input size=\"40\" maxlength=\"400\" class=\"wpcf7-form-control wpcf7-text wpcf7-validates-as-required\" aria-required=\"true\" aria-invalid=\"false\" placeholder=\"Su Nombre Completo\" value=\"\" type=\"text\" name=\"text-185\" \/><\/span>\n<\/p>\n<p><span class=\"wpcf7-form-control-wrap\" data-name=\"email-978\"><input size=\"40\" maxlength=\"400\" class=\"wpcf7-form-control wpcf7-email wpcf7-validates-as-required wpcf7-text wpcf7-validates-as-email\" aria-required=\"true\" aria-invalid=\"false\" placeholder=\"Escriba su correo Electr\u00f3nico\" value=\"\" type=\"email\" name=\"email-978\" \/><\/span>\n<\/p>\n<p><span class=\"wpcf7-form-control-wrap\" data-name=\"textarea-233\"><textarea cols=\"40\" rows=\"10\" maxlength=\"2000\" class=\"wpcf7-form-control wpcf7-textarea\" aria-invalid=\"false\" placeholder=\"Describa brevemente su caso\" name=\"textarea-233\"><\/textarea><\/span>\n<\/p>\n<p style=\"padding-left: 16px;\"><input class=\"wpcf7-form-control wpcf7-submit has-spinner\" type=\"submit\" value=\"Cont\u00e1ctenos ahora\" \/>\n<\/p><p style=\"display: none !important;\" class=\"akismet-fields-container\" data-prefix=\"_wpcf7_ak_\"><label>&#916;<textarea name=\"_wpcf7_ak_hp_textarea\" cols=\"45\" rows=\"8\" maxlength=\"100\"><\/textarea><\/label><input type=\"hidden\" id=\"ak_js_1\" name=\"_wpcf7_ak_js\" value=\"48\"\/><script>document.getElementById( \"ak_js_1\" ).setAttribute( \"value\", ( new Date() ).getTime() );<\/script><\/p><div class=\"wpcf7-response-output\" aria-hidden=\"true\"><\/div>\n<input type=\"hidden\" name=\"trp-form-language\" value=\"es\"\/><\/form>\n<\/div>\n\t\t\t\t<\/div>\n\t\t\t\t\t\t\t<\/div>\n\t\t<\/div>\n    <div class=\"widget widget_text\">\t\t\t<div class=\"textwidget\"><div class=\"vc_empty_space\"   style=\"height: 3px\"><span class=\"vc_empty_space_inner\"><\/span><\/div>\r\n\r\n<div class=\"mkd-service-table mkd-service-has-icon\">\n\t\t<div class=\"mkd-service-table-icon\">\n\t\t\n    <span class=\"mkd-icon-shortcode circle mkd-icon-small\"  >\n        \n        <i class=\"mkd-icon-simple-line-icon icon-trophy mkd-icon-element\" style=\"\" ><\/i>\n                <span  class=\"mkd-background\"><\/span>\n    <\/span>\n\n\t<\/div>\n\t\t<div class=\"mkd-service-table-inner\">\n\t\t<div class=\"mkd-service-titles-holder\">\n\t\t\t\t\t\t<h4>Casos Civiles<\/h4>\n\t\t\t\t\t\t\t\t\t<h5>en lo que somos mejores<\/h5>\n\t\t\t\t\t<\/div>\n\t\t<div class=\"mkd-service-table-content\">\n\t\t\t<ul>\n<li>ACCIDENTES DE AUTO<\/li>\n<li>Desliz\/Tropiezo\/Ca\u00edda<\/li>\n<li>Peatones\/Ciclistas<\/li>\n<li>Negligencia M\u00e9dica<\/li>\n<li>Muertes por Negligencia<\/li>\n<li>Litigios contra Aseguradoras<\/li>\n<\/ul>\n\t\t<\/div>\n\t\t<div class=\"mkd-service-link\">\n\t\t\t\t\t\t\t<a href=\"https:\/\/codolaw.com\/es\/contact-us\/\" target=\"_self\" rel=\"noopener\">\n\t\t\t\t\t\t\t\t\t<span> \u00a1Ll\u00e1manos hoy! <\/span>\n\t\t\t\t\t\n\t\t\t\t\t<span class=\"mkd-service-link-icon arrow_carrot-right_alt2\"><\/span>\n\t\t\t\t<\/a>\n\t\t\t\t\t<\/div>\n\t<\/div>\n<\/div>\n\r\n<\/div>\n\t\t<\/div>\n\t\t<\/div>\n\t<\/div>\n\t\t<\/div>\n\t<\/div>\n<\/div><\/div><div class=\"vc_empty_space\"   style=\"height: 70px\"><span class=\"vc_empty_space_inner\"><\/span><\/div><\/div><\/div><\/div><\/div><\/div><\/div>\n<\/div>","protected":false},"excerpt":{"rendered":"MILLIONS OF DOLLARS RECOVERED FOR OUR CLIENTS Our firm has the experience necessary to guide you through the complex legal process following an accident. We know what a serious injury or death can mean to you and your family. As Your Car Accident Lawyers, We OFFER you: Free telephone, home or hospital consultation Statewide representation No fees collected until we win A law firm you can trust As Our Client, Your Rights to Compensation are: Payment of Medical Bills Loss of Income Pain and Suffering Helping Injured Car Accident Victims STATEWIDE Colgan Dominelli Law represents clients from all walks of...","protected":false},"author":2,"featured_media":0,"parent":0,"menu_order":0,"comment_status":"closed","ping_status":"closed","template":"full-width.php","meta":{"footnotes":""},"yoast_head":"<!-- This site is optimized with the Yoast SEO plugin v23.6 - https:\/\/yoast.com\/wordpress\/plugins\/seo\/ -->\n<title>Car Accidents - Colgan Dominelli Law<\/title>\n<meta name=\"robots\" content=\"index, follow, max-snippet:-1, max-image-preview:large, max-video-preview:-1\" \/>\n<link rel=\"canonical\" href=\"https:\/\/codolaw.com\/es\/car-accidents\/\" \/>\n<meta property=\"og:locale\" content=\"es_ES\" \/>\n<meta property=\"og:type\" content=\"article\" \/>\n<meta property=\"og:title\" content=\"Car Accidents - Colgan Dominelli Law\" \/>\n<meta property=\"og:url\" content=\"https:\/\/codolaw.com\/es\/car-accidents\/\" \/>\n<meta property=\"og:site_name\" content=\"Colgan Dominelli Law\" \/>\n<meta property=\"article:modified_time\" content=\"2020-12-04T03:19:55+00:00\" \/>\n<meta name=\"twitter:card\" content=\"summary_large_image\" \/>\n<meta name=\"twitter:label1\" content=\"Tiempo de lectura\" \/>\n\t<meta name=\"twitter:data1\" content=\"5 minutos\" \/>\n<script type=\"application\/ld+json\" class=\"yoast-schema-graph\">{\"@context\":\"https:\/\/schema.org\",\"@graph\":[{\"@type\":\"WebPage\",\"@id\":\"https:\/\/codolaw.com\/es\/car-accidents\/\",\"url\":\"https:\/\/codolaw.com\/es\/car-accidents\/\",\"name\":\"Car Accidents - Colgan Dominelli Law\",\"isPartOf\":{\"@id\":\"https:\/\/codolaw.com\/#website\"},\"datePublished\":\"2020-11-16T12:31:25+00:00\",\"dateModified\":\"2020-12-04T03:19:55+00:00\",\"breadcrumb\":{\"@id\":\"https:\/\/codolaw.com\/es\/car-accidents\/#breadcrumb\"},\"inLanguage\":\"es\",\"potentialAction\":[{\"@type\":\"ReadAction\",\"target\":[\"https:\/\/codolaw.com\/es\/car-accidents\/\"]}]},{\"@type\":\"BreadcrumbList\",\"@id\":\"https:\/\/codolaw.com\/es\/car-accidents\/#breadcrumb\",\"itemListElement\":[{\"@type\":\"ListItem\",\"position\":1,\"name\":\"Home\",\"item\":\"https:\/\/codolaw.com\/es\/\"},{\"@type\":\"ListItem\",\"position\":2,\"name\":\"Car Accidents\"}]},{\"@type\":\"WebSite\",\"@id\":\"https:\/\/codolaw.com\/#website\",\"url\":\"https:\/\/codolaw.com\/\",\"name\":\"Colgan Dominelli Law\",\"description\":\"Injury &amp; Car Accident Lawyers\",\"potentialAction\":[{\"@type\":\"SearchAction\",\"target\":{\"@type\":\"EntryPoint\",\"urlTemplate\":\"https:\/\/codolaw.com\/?s={search_term_string}\"},\"query-input\":{\"@type\":\"PropertyValueSpecification\",\"valueRequired\":true,\"valueName\":\"search_term_string\"}}],\"inLanguage\":\"es\"}]}<\/script>\n<!-- \/ Yoast SEO plugin. -->","yoast_head_json":{"title":"Car Accidents - Colgan Dominelli Law","robots":{"index":"index","follow":"follow","max-snippet":"max-snippet:-1","max-image-preview":"max-image-preview:large","max-video-preview":"max-video-preview:-1"},"canonical":"https:\/\/codolaw.com\/es\/car-accidents\/","og_locale":"es_ES","og_type":"article","og_title":"Car Accidents - Colgan Dominelli Law","og_url":"https:\/\/codolaw.com\/es\/car-accidents\/","og_site_name":"Colgan Dominelli Law","article_modified_time":"2020-12-04T03:19:55+00:00","twitter_card":"summary_large_image","twitter_misc":{"Tiempo de lectura":"5 minutos"},"schema":{"@context":"https:\/\/schema.org","@graph":[{"@type":"WebPage","@id":"https:\/\/codolaw.com\/es\/car-accidents\/","url":"https:\/\/codolaw.com\/es\/car-accidents\/","name":"Car Accidents - Colgan Dominelli Law","isPartOf":{"@id":"https:\/\/codolaw.com\/#website"},"datePublished":"2020-11-16T12:31:25+00:00","dateModified":"2020-12-04T03:19:55+00:00","breadcrumb":{"@id":"https:\/\/codolaw.com\/es\/car-accidents\/#breadcrumb"},"inLanguage":"es","potentialAction":[{"@type":"ReadAction","target":["https:\/\/codolaw.com\/es\/car-accidents\/"]}]},{"@type":"BreadcrumbList","@id":"https:\/\/codolaw.com\/es\/car-accidents\/#breadcrumb","itemListElement":[{"@type":"ListItem","position":1,"name":"Home","item":"https:\/\/codolaw.com\/es\/"},{"@type":"ListItem","position":2,"name":"Car Accidents"}]},{"@type":"WebSite","@id":"https:\/\/codolaw.com\/#website","url":"https:\/\/codolaw.com\/","name":"Colgan Dominelli Law","description":"Injury &amp; Car Accident Lawyers","potentialAction":[{"@type":"SearchAction","target":{"@type":"EntryPoint","urlTemplate":"https:\/\/codolaw.com\/?s={search_term_string}"},"query-input":{"@type":"PropertyValueSpecification","valueRequired":true,"valueName":"search_term_string"}}],"inLanguage":"es"}]}},"_links":{"self":[{"href":"https:\/\/codolaw.com\/es\/wp-json\/wp\/v2\/pages\/748"}],"collection":[{"href":"https:\/\/codolaw.com\/es\/wp-json\/wp\/v2\/pages"}],"about":[{"href":"https:\/\/codolaw.com\/es\/wp-json\/wp\/v2\/types\/page"}],"author":[{"embeddable":true,"href":"https:\/\/codolaw.com\/es\/wp-json\/wp\/v2\/users\/2"}],"replies":[{"embeddable":true,"href":"https:\/\/codolaw.com\/es\/wp-json\/wp\/v2\/comments?post=748"}],"version-history":[{"count":21,"href":"https:\/\/codolaw.com\/es\/wp-json\/wp\/v2\/pages\/748\/revisions"}],"predecessor-version":[{"id":3280,"href":"https:\/\/codolaw.com\/es\/wp-json\/wp\/v2\/pages\/748\/revisions\/3280"}],"wp:attachment":[{"href":"https:\/\/codolaw.com\/es\/wp-json\/wp\/v2\/media?parent=748"}],"curies":[{"name":"wp","href":"https:\/\/api.w.org\/{rel}","templated":true}]}}