{"id":2884,"date":"2020-10-29T03:10:17","date_gmt":"2020-10-29T03:10:17","guid":{"rendered":"http:\/\/s696044065.onlinehome.us\/?page_id=2884"},"modified":"2020-12-10T19:54:47","modified_gmt":"2020-12-10T19:54:47","slug":"anthony-quackenbush-bio","status":"publish","type":"page","link":"http:\/\/codolaw.com\/es\/anthony-quackenbush-bio\/","title":{"rendered":"Anthony Quackenbush, ESQ."},"content":{"rendered":"<div class=\"wpb-content-wrapper\"><div data-mkd-parallax-speed=\"1\" class=\"vc_row wpb_row vc_row-fluid mkd-section mkd-content-aligment-left\" style=\"\"><div class=\"clearfix mkd-full-section-inner\"><div class=\"wpb_column vc_column_container vc_col-sm-8\"><div class=\"vc_column-inner\"><div class=\"wpb_wrapper\">\n\t<div class=\"wpb_text_column wpb_content_element\" >\n\t\t<div class=\"wpb_wrapper\">\n\t\t\t<h4>ANTHONY QUACKENBUSH, ESQ.<\/h4>\n<p><strong>Asesor Legal &amp; Negligencia Medica<\/strong><\/p>\n<p>&nbsp;<\/p>\n<p>El Sr. Quackenbush maneja todo tipo de casos de negligencia m\u00e9dica, incluidos los que involucran lesiones de nacimiento, fallas en el diagn\u00f3stico y diagn\u00f3sticos err\u00f3neos (incluido el c\u00e1ncer y otras enfermedades), errores quir\u00fargicos, errores en la sala de emergencias y fallas de llenado de la farmacia. Los casos que maneja el Sr. Quackenbush involucran errores y equivocaciones en los campos de cardiolog\u00eda, oftalmolog\u00eda, ortopedia, radiolog\u00eda, etc., por nombrar algunos. Maneja casos de negligencia de m\u00e9dicos, hospitales, enfermeras y otros proveedores m\u00e9dicos. El Sr. Quackenbush tambi\u00e9n maneja casos de negligencia m\u00e9dica que involucran todo tipo de lesiones y muerte por negligencia. Maneja casos en todo el estado de Florida.<\/p>\n<p>&nbsp;<\/p>\n<p>El Sr. Quackenbush se gradu\u00f3 de la Universidad de Yale y de la Facultad de Derecho de la Universidad de Miami. Est\u00e1 certificado por la junta en derecho procesal civil. A lo largo de su carrera, Quackenbush ha intentado m\u00e1s de 80 juicios con jurado. Ha logrado veredictos y acuerdos por muchos millones de d\u00f3lares. El Sr. Quackenbush est\u00e1 autorizado para ejercer en los Distritos Sur y Central de Florida (Tribunal Federal).<\/p>\n\n\t\t<\/div>\n\t<\/div>\n<\/div><\/div><\/div><div class=\"wpb_column vc_column_container vc_col-sm-4\"><div class=\"vc_column-inner\"><div class=\"wpb_wrapper\">\n\t<div  class=\"wpb_single_image wpb_content_element vc_align_left wpb_content_element\">\n\t\t\n\t\t<figure class=\"wpb_wrapper vc_figure\">\n\t\t\t<div class=\"vc_single_image-wrapper   vc_box_border_grey\"><img loading=\"lazy\" decoding=\"async\" width=\"750\" height=\"860\" src=\"https:\/\/codolaw.com\/wp-content\/uploads\/2020\/10\/Anthony-Bio.png\" class=\"vc_single_image-img attachment-large\" alt=\"\" title=\"Anthony Bio\" srcset=\"https:\/\/codolaw.com\/wp-content\/uploads\/2020\/10\/Anthony-Bio.png 750w, https:\/\/codolaw.com\/wp-content\/uploads\/2020\/10\/Anthony-Bio-262x300.png 262w, https:\/\/codolaw.com\/wp-content\/uploads\/2020\/10\/Anthony-Bio-600x688.png 600w\" sizes=\"(max-width: 750px) 100vw, 750px\" \/><\/div>\n\t\t<\/figure>\n\t<\/div>\n<\/div><\/div><\/div><\/div><\/div><div data-mkd-parallax-speed=\"1\" class=\"vc_row wpb_row vc_row-fluid mkd-section mkd-content-aligment-left\" style=\"\"><div class=\"clearfix mkd-full-section-inner\"><div class=\"wpb_column vc_column_container vc_col-sm-12\"><div class=\"vc_column-inner\"><div class=\"wpb_wrapper\"><\/div><\/div><\/div><\/div><\/div><div data-mkd-parallax-speed=\"1\" class=\"vc_row wpb_row vc_row-fluid mkd-section mkd-content-aligment-left\" style=\"\"><div class=\"clearfix mkd-full-section-inner\"><div class=\"wpb_column vc_column_container vc_col-sm-12\"><div class=\"vc_column-inner\"><div class=\"wpb_wrapper\">\n\n\t<div class=\"mkd-call-to-action normal\" >\n\n\t\t\t\t<div class=\"mkd-container-inner\">\n\t\t\t\t\t<div class=\"mkd-call-to-action-row-75-25 clearfix\" style=\"padding: 22px;\">\n\t\t\n\t\t\t\t<div class=\"mkd-text-wrapper mkd-call-to-action-column1 mkd-call-to-action-cell\">\n\n\t\t\t\t\n\t\t\t\t\t<div class=\"mkd-call-to-action-text\" >\n\t\t\t\t\t\t<p>\"Las compa\u00f1\u00edas de seguros no pagan los reclamos y demandas por la bondad de su coraz\u00f3n. Lo hacen porque temen que de hacerlo, un abogado litigante los llevar\u00e1 a los tribunales y obtendr\u00e1 un gran veredicto\"<\/p>\n\t\t\t\t\t<\/div>\n\n\t\t\t\t<\/div>\n\n\t\t\t\t\n\t\t\t\t\t<div class=\"mkd-button-wrapper mkd-call-to-action-column2 mkd-call-to-action-cell\" style =\"text-align: right ;\">\n\n\t\t\t\t\t\t<a href=\"http:\/\/codolaw.com\/es\/contact-us\/\" target=\"_self\"  class=\"mkd-btn mkd-btn-medium mkd-btn-solid\"  >    <span class=\"mkd-btn-text\"  >\u00a1Cont\u00e1ctame hoy!<\/span><\/a>\n\t\t\t\t\t<\/div>\n\n\t\t\t\t\n\t\t\t<\/div>\n\n\t\t\t\t<\/div>\n\t\t\n\t<\/div>\n\n<\/div><\/div><\/div><\/div><\/div>\n<\/div>","protected":false},"excerpt":{"rendered":"ANTHONY QUACKENBUSH, ESQ. Of Counsel, Medical Malpractice &nbsp; Mr. Quackenbush handles all kinds of medical malpractice cases, including those involving birth injury, failure to diagnose and misdiagnosis (including cancer and other diseases), surgical mistakes and errors, emergency room errors, and pharmacy misfills. Cases Mr. Quackenbush handles involve errors and mistakes in the fields of cardiology, ophthalmology, orthopedics, radiology, etc. \u2013 to name a few. He handles cases involving the negligence of doctors, hospitals, nurses, and other medical providers. Mr. Quackenbush also handles medical malpractice cases involving all types of injuries and wrongful death. He handles cases all over the State...","protected":false},"author":2,"featured_media":0,"parent":0,"menu_order":0,"comment_status":"closed","ping_status":"closed","template":"","meta":{"footnotes":""},"yoast_head":"<!-- This site is optimized with the Yoast SEO plugin v23.6 - https:\/\/yoast.com\/wordpress\/plugins\/seo\/ -->\n<title>Anthony Quackenbush, ESQ. - Colgan Dominelli Law<\/title>\n<meta name=\"robots\" content=\"index, follow, max-snippet:-1, max-image-preview:large, max-video-preview:-1\" \/>\n<link rel=\"canonical\" href=\"https:\/\/codolaw.com\/es\/anthony-quackenbush-bio\/\" \/>\n<meta property=\"og:locale\" content=\"es_ES\" \/>\n<meta property=\"og:type\" content=\"article\" \/>\n<meta property=\"og:title\" content=\"Anthony Quackenbush, ESQ. - Colgan Dominelli Law\" \/>\n<meta property=\"og:url\" content=\"https:\/\/codolaw.com\/es\/anthony-quackenbush-bio\/\" \/>\n<meta property=\"og:site_name\" content=\"Colgan Dominelli Law\" \/>\n<meta property=\"article:modified_time\" content=\"2020-12-10T19:54:47+00:00\" \/>\n<meta name=\"twitter:card\" content=\"summary_large_image\" \/>\n<meta name=\"twitter:label1\" content=\"Tiempo de lectura\" \/>\n\t<meta name=\"twitter:data1\" content=\"1 minuto\" \/>\n<script type=\"application\/ld+json\" class=\"yoast-schema-graph\">{\"@context\":\"https:\/\/schema.org\",\"@graph\":[{\"@type\":\"WebPage\",\"@id\":\"https:\/\/codolaw.com\/anthony-quackenbush-bio\/\",\"url\":\"https:\/\/codolaw.com\/anthony-quackenbush-bio\/\",\"name\":\"Anthony Quackenbush, ESQ. - Colgan Dominelli Law\",\"isPartOf\":{\"@id\":\"https:\/\/codolaw.com\/#website\"},\"datePublished\":\"2020-10-29T03:10:17+00:00\",\"dateModified\":\"2020-12-10T19:54:47+00:00\",\"breadcrumb\":{\"@id\":\"https:\/\/codolaw.com\/anthony-quackenbush-bio\/#breadcrumb\"},\"inLanguage\":\"es\",\"potentialAction\":[{\"@type\":\"ReadAction\",\"target\":[\"https:\/\/codolaw.com\/anthony-quackenbush-bio\/\"]}]},{\"@type\":\"BreadcrumbList\",\"@id\":\"https:\/\/codolaw.com\/anthony-quackenbush-bio\/#breadcrumb\",\"itemListElement\":[{\"@type\":\"ListItem\",\"position\":1,\"name\":\"Home\",\"item\":\"https:\/\/codolaw.com\/es\/\"},{\"@type\":\"ListItem\",\"position\":2,\"name\":\"Anthony Quackenbush, ESQ.\"}]},{\"@type\":\"WebSite\",\"@id\":\"https:\/\/codolaw.com\/#website\",\"url\":\"https:\/\/codolaw.com\/\",\"name\":\"Colgan Dominelli Law\",\"description\":\"Injury &amp; Car Accident Lawyers\",\"potentialAction\":[{\"@type\":\"SearchAction\",\"target\":{\"@type\":\"EntryPoint\",\"urlTemplate\":\"https:\/\/codolaw.com\/?s={search_term_string}\"},\"query-input\":{\"@type\":\"PropertyValueSpecification\",\"valueRequired\":true,\"valueName\":\"search_term_string\"}}],\"inLanguage\":\"es\"}]}<\/script>\n<!-- \/ Yoast SEO plugin. -->","yoast_head_json":{"title":"Anthony Quackenbush, ESQ. - Colgan Dominelli Law","robots":{"index":"index","follow":"follow","max-snippet":"max-snippet:-1","max-image-preview":"max-image-preview:large","max-video-preview":"max-video-preview:-1"},"canonical":"https:\/\/codolaw.com\/es\/anthony-quackenbush-bio\/","og_locale":"es_ES","og_type":"article","og_title":"Anthony Quackenbush, ESQ. - Colgan Dominelli Law","og_url":"https:\/\/codolaw.com\/es\/anthony-quackenbush-bio\/","og_site_name":"Colgan Dominelli Law","article_modified_time":"2020-12-10T19:54:47+00:00","twitter_card":"summary_large_image","twitter_misc":{"Tiempo de lectura":"1 minuto"},"schema":{"@context":"https:\/\/schema.org","@graph":[{"@type":"WebPage","@id":"https:\/\/codolaw.com\/anthony-quackenbush-bio\/","url":"https:\/\/codolaw.com\/anthony-quackenbush-bio\/","name":"Anthony Quackenbush, ESQ. - Colgan Dominelli Law","isPartOf":{"@id":"https:\/\/codolaw.com\/#website"},"datePublished":"2020-10-29T03:10:17+00:00","dateModified":"2020-12-10T19:54:47+00:00","breadcrumb":{"@id":"https:\/\/codolaw.com\/anthony-quackenbush-bio\/#breadcrumb"},"inLanguage":"es","potentialAction":[{"@type":"ReadAction","target":["https:\/\/codolaw.com\/anthony-quackenbush-bio\/"]}]},{"@type":"BreadcrumbList","@id":"https:\/\/codolaw.com\/anthony-quackenbush-bio\/#breadcrumb","itemListElement":[{"@type":"ListItem","position":1,"name":"Home","item":"https:\/\/codolaw.com\/es\/"},{"@type":"ListItem","position":2,"name":"Anthony Quackenbush, ESQ."}]},{"@type":"WebSite","@id":"https:\/\/codolaw.com\/#website","url":"https:\/\/codolaw.com\/","name":"Colgan Dominelli Law","description":"Injury &amp; Car Accident Lawyers","potentialAction":[{"@type":"SearchAction","target":{"@type":"EntryPoint","urlTemplate":"https:\/\/codolaw.com\/?s={search_term_string}"},"query-input":{"@type":"PropertyValueSpecification","valueRequired":true,"valueName":"search_term_string"}}],"inLanguage":"es"}]}},"_links":{"self":[{"href":"http:\/\/codolaw.com\/es\/wp-json\/wp\/v2\/pages\/2884"}],"collection":[{"href":"http:\/\/codolaw.com\/es\/wp-json\/wp\/v2\/pages"}],"about":[{"href":"http:\/\/codolaw.com\/es\/wp-json\/wp\/v2\/types\/page"}],"author":[{"embeddable":true,"href":"http:\/\/codolaw.com\/es\/wp-json\/wp\/v2\/users\/2"}],"replies":[{"embeddable":true,"href":"http:\/\/codolaw.com\/es\/wp-json\/wp\/v2\/comments?post=2884"}],"version-history":[{"count":15,"href":"http:\/\/codolaw.com\/es\/wp-json\/wp\/v2\/pages\/2884\/revisions"}],"predecessor-version":[{"id":3145,"href":"http:\/\/codolaw.com\/es\/wp-json\/wp\/v2\/pages\/2884\/revisions\/3145"}],"wp:attachment":[{"href":"http:\/\/codolaw.com\/es\/wp-json\/wp\/v2\/media?parent=2884"}],"curies":[{"name":"wp","href":"https:\/\/api.w.org\/{rel}","templated":true}]}}