{"id":2882,"date":"2020-10-29T03:08:34","date_gmt":"2020-10-29T03:08:34","guid":{"rendered":"http:\/\/s696044065.onlinehome.us\/?page_id=2882"},"modified":"2020-12-10T19:53:52","modified_gmt":"2020-12-10T19:53:52","slug":"alicia-m-socha-bio","status":"publish","type":"page","link":"http:\/\/codolaw.com\/es\/alicia-m-socha-bio\/","title":{"rendered":"Alicia M. Socha, ESQ."},"content":{"rendered":"<div class=\"wpb-content-wrapper\"><div data-mkd-parallax-speed=\"1\" class=\"vc_row wpb_row vc_row-fluid mkd-section mkd-content-aligment-left\" style=\"\"><div class=\"clearfix mkd-full-section-inner\"><div class=\"wpb_column vc_column_container vc_col-sm-8\"><div class=\"vc_column-inner\"><div class=\"wpb_wrapper\">\n\t<div class=\"wpb_text_column wpb_content_element\" >\n\t\t<div class=\"wpb_wrapper\">\n\t\t\t<h4><strong>Alicia M. Socha, Esq.<\/strong><\/h4>\n<p><strong>Asesora Legal &amp; Abogada de Litigio<\/strong><\/p>\n<p>&nbsp;<\/p>\n<p>Alicia Socha tiene m\u00e1s de 12 a\u00f1os de experiencia en litigios de accidentes. Su conocimiento interno \u00fanico de c\u00f3mo las compa\u00f1\u00edas de seguros eval\u00faan las reclamaciones por lesiones es una gran ventaja para sus clientes. Durante la primera d\u00e9cada de su carrera, litig\u00f3 casos para algunas de las compa\u00f1\u00edas de seguros de propiedad y de autom\u00f3viles m\u00e1s grandes de Florida, incluidas GEICO, State Farm, Progressive, Farmer's y AIG. Mientras trabajaba para una de las firmas de defensa de seguros m\u00e1s prestigiosas de Florida, la Sra. Socha se especializ\u00f3 en evaluar casos quir\u00fargicos y tom\u00f3 las declaraciones de innumerables cirujanos ortop\u00e9dicos. Esto le dio un excelente conocimiento m\u00e9dico que ahora usa para guiar a sus clientes lesionados. Despu\u00e9s de adquirir una valiosa experiencia al acudir a los tribunales como abogada de empresas de miles de millones de d\u00f3lares, se dio cuenta de que pod\u00eda ser una gran ventaja para las v\u00edctimas de accidentes en Florida. Desde que hizo el cambio para representar a v\u00edctimas de lesiones en 2018, la Sra. Socha se ha dedicado al 100% a obtener el mejor resultado posible para sus clientes. Se concentra en casos de lesiones personales, que incluyen: accidentes automovil\u00edsticos con autom\u00f3viles, camiones, motocicletas y peatones; resbalones y ca\u00eddas; responsabilidad de las instalaciones; seguridad negligente; lesiones en la construcci\u00f3n; y muerte por negligencia. Si bien la mayor\u00eda de los casos de lesiones personales se resuelven sin tener que ir a la corte, la Sra. Socha est\u00e1 bien preparada para llevar un caso a juicio si es necesario. Ha manejado con \u00e9xito m\u00e1s de una docena de juicios con jurado.<\/p>\n<p>&nbsp;<\/p>\n<p>La Sra. Socha naci\u00f3 en Nueva Jersey y se cri\u00f3 en Fort Myers, Florida. Su familia emigr\u00f3 de Polonia y ella es la primera generaci\u00f3n de su familia en obtener un t\u00edtulo profesional en los Estados Unidos. La Sra. Socha se gradu\u00f3 de la Universidad de Florida Central con su Licenciatura en Ciencias Pol\u00edticas, Justicia Penal y Psicolog\u00eda en 2005. Se gradu\u00f3 de la Facultad de Derecho de la Universidad Nova Southeastern con su Doctorado en Jurisprudencia en 2008. La Sra. Socha ha sido una Abogado con licencia de Florida desde 2008.<\/p>\n\n\t\t<\/div>\n\t<\/div>\n<\/div><\/div><\/div><div class=\"wpb_column vc_column_container vc_col-sm-4\"><div class=\"vc_column-inner\"><div class=\"wpb_wrapper\">\n\t<div  class=\"wpb_single_image wpb_content_element vc_align_left wpb_content_element\">\n\t\t\n\t\t<figure class=\"wpb_wrapper vc_figure\">\n\t\t\t<div class=\"vc_single_image-wrapper   vc_box_border_grey\"><img loading=\"lazy\" decoding=\"async\" width=\"750\" height=\"860\" src=\"https:\/\/codolaw.com\/wp-content\/uploads\/2020\/10\/Alicia-Bio.png\" class=\"vc_single_image-img attachment-large\" alt=\"\" title=\"Alicia Bio\" srcset=\"https:\/\/codolaw.com\/wp-content\/uploads\/2020\/10\/Alicia-Bio.png 750w, https:\/\/codolaw.com\/wp-content\/uploads\/2020\/10\/Alicia-Bio-262x300.png 262w, https:\/\/codolaw.com\/wp-content\/uploads\/2020\/10\/Alicia-Bio-600x688.png 600w\" sizes=\"(max-width: 750px) 100vw, 750px\" \/><\/div>\n\t\t<\/figure>\n\t<\/div>\n<\/div><\/div><\/div><\/div><\/div><div data-mkd-parallax-speed=\"1\" class=\"vc_row wpb_row vc_row-fluid mkd-section mkd-content-aligment-left\" style=\"\"><div class=\"clearfix mkd-full-section-inner\"><div class=\"wpb_column vc_column_container vc_col-sm-12\"><div class=\"vc_column-inner\"><div class=\"wpb_wrapper\">\n\n\t<div class=\"mkd-call-to-action normal\" >\n\n\t\t\t\t<div class=\"mkd-container-inner\">\n\t\t\t\t\t<div class=\"mkd-call-to-action-row-75-25 clearfix\" style=\"padding: 22px;\">\n\t\t\n\t\t\t\t<div class=\"mkd-text-wrapper mkd-call-to-action-column1 mkd-call-to-action-cell\">\n\n\t\t\t\t\n\t\t\t\t\t<div class=\"mkd-call-to-action-text\" >\n\t\t\t\t\t\t<p>\u201cAn injured person seeking justice from a large corporation needs experienced help on their side. I am motivated to fight for justice, closure, and a better future for my clients.\u201d<\/p>\n\t\t\t\t\t<\/div>\n\n\t\t\t\t<\/div>\n\n\t\t\t\t\n\t\t\t\t\t<div class=\"mkd-button-wrapper mkd-call-to-action-column2 mkd-call-to-action-cell\" style =\"text-align: right ;\">\n\n\t\t\t\t\t\t<a href=\"http:\/\/codolaw.com\/es\/contact-us\/\" target=\"_self\"  class=\"mkd-btn mkd-btn-medium mkd-btn-solid\"  >    <span class=\"mkd-btn-text\"  >\u00a1Cont\u00e1ctame hoy!<\/span><\/a>\n\t\t\t\t\t<\/div>\n\n\t\t\t\t\n\t\t\t<\/div>\n\n\t\t\t\t<\/div>\n\t\t\n\t<\/div>\n\n<\/div><\/div><\/div><\/div><\/div><div data-mkd-parallax-speed=\"1\" class=\"vc_row wpb_row vc_row-fluid mkd-section mkd-content-aligment-left\" style=\"\"><div class=\"clearfix mkd-full-section-inner\"><div class=\"wpb_column vc_column_container vc_col-sm-12\"><div class=\"vc_column-inner\"><div class=\"wpb_wrapper\"><\/div><\/div><\/div><\/div><\/div>\n<\/div>","protected":false},"excerpt":{"rendered":"Alicia M. Socha, Esq. Of Counsel, Litigation Attorney &nbsp; Alicia Socha has over 12 years of accident litigation experience. Her unique inside knowledge of how insurance companies evaluate injury claims is a major advantage for her clients. For the first decade of her career, she litigated cases for some of the largest auto and property insurance companies in Florida, including GEICO, State Farm, Progressive, Farmer\u2019s, and AIG. While working for one of the most prestigious insurance defense firms in Florida, Ms. Socha specialized in evaluating surgical cases and took the depositions of countless orthopedic surgeons. This gave her excellent medical...","protected":false},"author":2,"featured_media":0,"parent":0,"menu_order":0,"comment_status":"closed","ping_status":"closed","template":"","meta":{"footnotes":""},"yoast_head":"<!-- This site is optimized with the Yoast SEO plugin v23.6 - https:\/\/yoast.com\/wordpress\/plugins\/seo\/ -->\n<title>Alicia M. Socha, ESQ. - Colgan Dominelli Law<\/title>\n<meta name=\"robots\" content=\"index, follow, max-snippet:-1, max-image-preview:large, max-video-preview:-1\" \/>\n<link rel=\"canonical\" href=\"https:\/\/codolaw.com\/es\/alicia-m-socha-bio\/\" \/>\n<meta property=\"og:locale\" content=\"es_ES\" \/>\n<meta property=\"og:type\" content=\"article\" \/>\n<meta property=\"og:title\" content=\"Alicia M. Socha, ESQ. - Colgan Dominelli Law\" \/>\n<meta property=\"og:url\" content=\"https:\/\/codolaw.com\/es\/alicia-m-socha-bio\/\" \/>\n<meta property=\"og:site_name\" content=\"Colgan Dominelli Law\" \/>\n<meta property=\"article:modified_time\" content=\"2020-12-10T19:53:52+00:00\" \/>\n<meta name=\"twitter:card\" content=\"summary_large_image\" \/>\n<meta name=\"twitter:label1\" content=\"Tiempo de lectura\" \/>\n\t<meta name=\"twitter:data1\" content=\"2 minutos\" \/>\n<script type=\"application\/ld+json\" class=\"yoast-schema-graph\">{\"@context\":\"https:\/\/schema.org\",\"@graph\":[{\"@type\":\"WebPage\",\"@id\":\"https:\/\/codolaw.com\/alicia-m-socha-bio\/\",\"url\":\"https:\/\/codolaw.com\/alicia-m-socha-bio\/\",\"name\":\"Alicia M. Socha, ESQ. - Colgan Dominelli Law\",\"isPartOf\":{\"@id\":\"https:\/\/codolaw.com\/#website\"},\"datePublished\":\"2020-10-29T03:08:34+00:00\",\"dateModified\":\"2020-12-10T19:53:52+00:00\",\"breadcrumb\":{\"@id\":\"https:\/\/codolaw.com\/alicia-m-socha-bio\/#breadcrumb\"},\"inLanguage\":\"es\",\"potentialAction\":[{\"@type\":\"ReadAction\",\"target\":[\"https:\/\/codolaw.com\/alicia-m-socha-bio\/\"]}]},{\"@type\":\"BreadcrumbList\",\"@id\":\"https:\/\/codolaw.com\/alicia-m-socha-bio\/#breadcrumb\",\"itemListElement\":[{\"@type\":\"ListItem\",\"position\":1,\"name\":\"Home\",\"item\":\"https:\/\/codolaw.com\/es\/\"},{\"@type\":\"ListItem\",\"position\":2,\"name\":\"Alicia M. Socha, ESQ.\"}]},{\"@type\":\"WebSite\",\"@id\":\"https:\/\/codolaw.com\/#website\",\"url\":\"https:\/\/codolaw.com\/\",\"name\":\"Colgan Dominelli Law\",\"description\":\"Injury &amp; Car Accident Lawyers\",\"potentialAction\":[{\"@type\":\"SearchAction\",\"target\":{\"@type\":\"EntryPoint\",\"urlTemplate\":\"https:\/\/codolaw.com\/?s={search_term_string}\"},\"query-input\":{\"@type\":\"PropertyValueSpecification\",\"valueRequired\":true,\"valueName\":\"search_term_string\"}}],\"inLanguage\":\"es\"}]}<\/script>\n<!-- \/ Yoast SEO plugin. -->","yoast_head_json":{"title":"Alicia M. Socha, ESQ. - Colgan Dominelli Law","robots":{"index":"index","follow":"follow","max-snippet":"max-snippet:-1","max-image-preview":"max-image-preview:large","max-video-preview":"max-video-preview:-1"},"canonical":"https:\/\/codolaw.com\/es\/alicia-m-socha-bio\/","og_locale":"es_ES","og_type":"article","og_title":"Alicia M. Socha, ESQ. - Colgan Dominelli Law","og_url":"https:\/\/codolaw.com\/es\/alicia-m-socha-bio\/","og_site_name":"Colgan Dominelli Law","article_modified_time":"2020-12-10T19:53:52+00:00","twitter_card":"summary_large_image","twitter_misc":{"Tiempo de lectura":"2 minutos"},"schema":{"@context":"https:\/\/schema.org","@graph":[{"@type":"WebPage","@id":"https:\/\/codolaw.com\/alicia-m-socha-bio\/","url":"https:\/\/codolaw.com\/alicia-m-socha-bio\/","name":"Alicia M. Socha, ESQ. - Colgan Dominelli Law","isPartOf":{"@id":"https:\/\/codolaw.com\/#website"},"datePublished":"2020-10-29T03:08:34+00:00","dateModified":"2020-12-10T19:53:52+00:00","breadcrumb":{"@id":"https:\/\/codolaw.com\/alicia-m-socha-bio\/#breadcrumb"},"inLanguage":"es","potentialAction":[{"@type":"ReadAction","target":["https:\/\/codolaw.com\/alicia-m-socha-bio\/"]}]},{"@type":"BreadcrumbList","@id":"https:\/\/codolaw.com\/alicia-m-socha-bio\/#breadcrumb","itemListElement":[{"@type":"ListItem","position":1,"name":"Home","item":"https:\/\/codolaw.com\/es\/"},{"@type":"ListItem","position":2,"name":"Alicia M. Socha, ESQ."}]},{"@type":"WebSite","@id":"https:\/\/codolaw.com\/#website","url":"https:\/\/codolaw.com\/","name":"Colgan Dominelli Law","description":"Injury &amp; Car Accident Lawyers","potentialAction":[{"@type":"SearchAction","target":{"@type":"EntryPoint","urlTemplate":"https:\/\/codolaw.com\/?s={search_term_string}"},"query-input":{"@type":"PropertyValueSpecification","valueRequired":true,"valueName":"search_term_string"}}],"inLanguage":"es"}]}},"_links":{"self":[{"href":"http:\/\/codolaw.com\/es\/wp-json\/wp\/v2\/pages\/2882"}],"collection":[{"href":"http:\/\/codolaw.com\/es\/wp-json\/wp\/v2\/pages"}],"about":[{"href":"http:\/\/codolaw.com\/es\/wp-json\/wp\/v2\/types\/page"}],"author":[{"embeddable":true,"href":"http:\/\/codolaw.com\/es\/wp-json\/wp\/v2\/users\/2"}],"replies":[{"embeddable":true,"href":"http:\/\/codolaw.com\/es\/wp-json\/wp\/v2\/comments?post=2882"}],"version-history":[{"count":12,"href":"http:\/\/codolaw.com\/es\/wp-json\/wp\/v2\/pages\/2882\/revisions"}],"predecessor-version":[{"id":3298,"href":"http:\/\/codolaw.com\/es\/wp-json\/wp\/v2\/pages\/2882\/revisions\/3298"}],"wp:attachment":[{"href":"http:\/\/codolaw.com\/es\/wp-json\/wp\/v2\/media?parent=2882"}],"curies":[{"name":"wp","href":"https:\/\/api.w.org\/{rel}","templated":true}]}}