{"id":2878,"date":"2020-10-29T03:04:58","date_gmt":"2020-10-29T03:04:58","guid":{"rendered":"http:\/\/s696044065.onlinehome.us\/?page_id=2878"},"modified":"2020-12-10T19:57:01","modified_gmt":"2020-12-10T19:57:01","slug":"gabriel-dominelli-bio","status":"publish","type":"page","link":"http:\/\/codolaw.com\/es\/gabriel-dominelli-bio\/","title":{"rendered":"Gabriel A. Dominelli, ESQ."},"content":{"rendered":"<div class=\"wpb-content-wrapper\"><div data-mkd-parallax-speed=\"1\" class=\"vc_row wpb_row vc_row-fluid mkd-section mkd-content-aligment-left\" style=\"\"><div class=\"clearfix mkd-full-section-inner\"><div class=\"wpb_column vc_column_container vc_col-sm-8\"><div class=\"vc_column-inner\"><div class=\"wpb_wrapper\">\n\t<div class=\"wpb_text_column wpb_content_element\" >\n\t\t<div class=\"wpb_wrapper\">\n\t\t\t<div id=\"comp-ixccgasv\" class=\"_1Z_nJ\" data-testid=\"richTextElement\">\n<h4>GABRIEL A. DOMINELLI, ESQ.<\/h4>\n<p><strong>Socio Fundador<\/strong><\/p>\n<p>&nbsp;<\/p>\n<p>Gabriel \u201cGabe\u201d Dominelli es socio fundador de Colgan Dominelli Law. Gabe centra su pr\u00e1ctica en representar a personas que han sufrido lesiones personales o muerte por negligencia.<\/p>\n<p>&nbsp;<\/p>\n<p>Antes de comenzar Colgan Dominelli Law, Gabe fue empleado durante 8 a\u00f1os por la compa\u00f1\u00eda de seguros m\u00e1s grande de Florida, por lo que obtuvo una amplia experiencia en juicios. Gabe se desempe\u00f1\u00f3 como abogado principal en numerosos juicios por jurado por lesiones personales, que manej\u00f3 con \u00e9xito hasta el veredicto. Gabe obtuvo su t\u00edtulo universitario en la Universidad de Delaware y posteriormente obtuvo su t\u00edtulo de abogado en la Widener University. Mientras estudiaba derecho en Widener, Gabe fue elegido capit\u00e1n del equipo de rugby de la escuela y tambi\u00e9n particip\u00f3 en el Programa de defensa de juicios intensivos de la escuela (\"ITAP\").<\/p>\n<p>&nbsp;<\/p>\n<p>Cuando no est\u00e1 ayudando a los clientes, Gabe disfruta pasar tiempo con su esposa, Stacie y su hijo Gavin. La principal aspiraci\u00f3n profesional de Gabe es brindar la mejor representaci\u00f3n legal absoluta a sus clientes para que puedan obtener una compensaci\u00f3n justa por su lesi\u00f3n.<\/p>\n<\/div>\n\n\t\t<\/div>\n\t<\/div>\n<\/div><\/div><\/div><div class=\"wpb_column vc_column_container vc_col-sm-4\"><div class=\"vc_column-inner\"><div class=\"wpb_wrapper\">\n\t<div  class=\"wpb_single_image wpb_content_element vc_align_left wpb_content_element\">\n\t\t\n\t\t<figure class=\"wpb_wrapper vc_figure\">\n\t\t\t<div class=\"vc_single_image-wrapper   vc_box_border_grey\"><img loading=\"lazy\" decoding=\"async\" width=\"750\" height=\"860\" src=\"https:\/\/codolaw.com\/wp-content\/uploads\/2020\/10\/Gabriel-Bio.png\" class=\"vc_single_image-img attachment-large\" alt=\"\" title=\"Gabriel Bio\" srcset=\"https:\/\/codolaw.com\/wp-content\/uploads\/2020\/10\/Gabriel-Bio.png 750w, https:\/\/codolaw.com\/wp-content\/uploads\/2020\/10\/Gabriel-Bio-262x300.png 262w, https:\/\/codolaw.com\/wp-content\/uploads\/2020\/10\/Gabriel-Bio-600x688.png 600w\" sizes=\"(max-width: 750px) 100vw, 750px\" \/><\/div>\n\t\t<\/figure>\n\t<\/div>\n<\/div><\/div><\/div><\/div><\/div><div data-mkd-parallax-speed=\"1\" class=\"vc_row wpb_row vc_row-fluid mkd-section mkd-content-aligment-left\" style=\"\"><div class=\"clearfix mkd-full-section-inner\"><div class=\"wpb_column vc_column_container vc_col-sm-12\"><div class=\"vc_column-inner\"><div class=\"wpb_wrapper\">\n\n\t<div class=\"mkd-call-to-action normal\" >\n\n\t\t\t\t<div class=\"mkd-container-inner\">\n\t\t\t\t\t<div class=\"mkd-call-to-action-row-75-25 clearfix\" style=\"padding: 22px;\">\n\t\t\n\t\t\t\t<div class=\"mkd-text-wrapper mkd-call-to-action-column1 mkd-call-to-action-cell\">\n\n\t\t\t\t\n\t\t\t\t\t<div class=\"mkd-call-to-action-text\" >\n\t\t\t\t\t\t<p>\u201cEl hombre silencioso jam\u00e1s es escuchado, yo te defender\u00e9 hasta que se haga justicia\u201d.<\/p>\n\t\t\t\t\t<\/div>\n\n\t\t\t\t<\/div>\n\n\t\t\t\t\n\t\t\t\t\t<div class=\"mkd-button-wrapper mkd-call-to-action-column2 mkd-call-to-action-cell\" style =\"text-align: right ;\">\n\n\t\t\t\t\t\t<a href=\"http:\/\/codolaw.com\/es\/contact-us\/\" target=\"_self\"  class=\"mkd-btn mkd-btn-medium mkd-btn-solid\"  >    <span class=\"mkd-btn-text\"  >\u00a1Cont\u00e1ctame hoy!<\/span><\/a>\n\t\t\t\t\t<\/div>\n\n\t\t\t\t\n\t\t\t<\/div>\n\n\t\t\t\t<\/div>\n\t\t\n\t<\/div>\n\n<\/div><\/div><\/div><\/div><\/div>\n<\/div>","protected":false},"excerpt":{"rendered":"GABRIEL A. DOMINELLI, ESQ. Founding Partner &nbsp; Gabriel \u201cGabe\u201d Dominelli is a founding partner at Colgan Dominelli Law.\u00a0 Gabe focuses his practice on representing individuals who have suffered a personal injury or wrongful death. &nbsp; Prior to starting Colgan Dominelli Law, Gabe was employed for 8 years by the biggest insurance company in Florida whereby he gained extensive trial experience.\u00a0 Gabe served as lead counsel in numerous personal injury jury trials that he successfully handled to verdict.\u00a0 Gabe obtained his undergraduate degree from the University of Delaware and subsequently earned his law degree from Widener University. While studying law at...","protected":false},"author":2,"featured_media":0,"parent":0,"menu_order":0,"comment_status":"closed","ping_status":"closed","template":"","meta":{"footnotes":""},"yoast_head":"<!-- This site is optimized with the Yoast SEO plugin v23.6 - https:\/\/yoast.com\/wordpress\/plugins\/seo\/ -->\n<title>Gabriel A. Dominelli, ESQ. - Colgan Dominelli Law<\/title>\n<meta name=\"robots\" content=\"index, follow, max-snippet:-1, max-image-preview:large, max-video-preview:-1\" \/>\n<link rel=\"canonical\" href=\"https:\/\/codolaw.com\/es\/gabriel-dominelli-bio\/\" \/>\n<meta property=\"og:locale\" content=\"es_ES\" \/>\n<meta property=\"og:type\" content=\"article\" \/>\n<meta property=\"og:title\" content=\"Gabriel A. Dominelli, ESQ. - Colgan Dominelli Law\" \/>\n<meta property=\"og:url\" content=\"https:\/\/codolaw.com\/es\/gabriel-dominelli-bio\/\" \/>\n<meta property=\"og:site_name\" content=\"Colgan Dominelli Law\" \/>\n<meta property=\"article:modified_time\" content=\"2020-12-10T19:57:01+00:00\" \/>\n<meta name=\"twitter:card\" content=\"summary_large_image\" \/>\n<meta name=\"twitter:label1\" content=\"Tiempo de lectura\" \/>\n\t<meta name=\"twitter:data1\" content=\"1 minuto\" \/>\n<script type=\"application\/ld+json\" class=\"yoast-schema-graph\">{\"@context\":\"https:\/\/schema.org\",\"@graph\":[{\"@type\":\"WebPage\",\"@id\":\"https:\/\/codolaw.com\/es\/gabriel-dominelli-bio\/\",\"url\":\"https:\/\/codolaw.com\/es\/gabriel-dominelli-bio\/\",\"name\":\"Gabriel A. Dominelli, ESQ. - Colgan Dominelli Law\",\"isPartOf\":{\"@id\":\"https:\/\/codolaw.com\/#website\"},\"datePublished\":\"2020-10-29T03:04:58+00:00\",\"dateModified\":\"2020-12-10T19:57:01+00:00\",\"breadcrumb\":{\"@id\":\"https:\/\/codolaw.com\/es\/gabriel-dominelli-bio\/#breadcrumb\"},\"inLanguage\":\"es\",\"potentialAction\":[{\"@type\":\"ReadAction\",\"target\":[\"https:\/\/codolaw.com\/es\/gabriel-dominelli-bio\/\"]}]},{\"@type\":\"BreadcrumbList\",\"@id\":\"https:\/\/codolaw.com\/es\/gabriel-dominelli-bio\/#breadcrumb\",\"itemListElement\":[{\"@type\":\"ListItem\",\"position\":1,\"name\":\"Home\",\"item\":\"https:\/\/codolaw.com\/es\/\"},{\"@type\":\"ListItem\",\"position\":2,\"name\":\"Gabriel A. Dominelli, ESQ.\"}]},{\"@type\":\"WebSite\",\"@id\":\"https:\/\/codolaw.com\/#website\",\"url\":\"https:\/\/codolaw.com\/\",\"name\":\"Colgan Dominelli Law\",\"description\":\"Injury &amp; Car Accident Lawyers\",\"potentialAction\":[{\"@type\":\"SearchAction\",\"target\":{\"@type\":\"EntryPoint\",\"urlTemplate\":\"https:\/\/codolaw.com\/?s={search_term_string}\"},\"query-input\":{\"@type\":\"PropertyValueSpecification\",\"valueRequired\":true,\"valueName\":\"search_term_string\"}}],\"inLanguage\":\"es\"}]}<\/script>\n<!-- \/ Yoast SEO plugin. -->","yoast_head_json":{"title":"Gabriel A. Dominelli, ESQ. - Colgan Dominelli Law","robots":{"index":"index","follow":"follow","max-snippet":"max-snippet:-1","max-image-preview":"max-image-preview:large","max-video-preview":"max-video-preview:-1"},"canonical":"https:\/\/codolaw.com\/es\/gabriel-dominelli-bio\/","og_locale":"es_ES","og_type":"article","og_title":"Gabriel A. Dominelli, ESQ. - Colgan Dominelli Law","og_url":"https:\/\/codolaw.com\/es\/gabriel-dominelli-bio\/","og_site_name":"Colgan Dominelli Law","article_modified_time":"2020-12-10T19:57:01+00:00","twitter_card":"summary_large_image","twitter_misc":{"Tiempo de lectura":"1 minuto"},"schema":{"@context":"https:\/\/schema.org","@graph":[{"@type":"WebPage","@id":"https:\/\/codolaw.com\/es\/gabriel-dominelli-bio\/","url":"https:\/\/codolaw.com\/es\/gabriel-dominelli-bio\/","name":"Gabriel A. Dominelli, ESQ. - Colgan Dominelli Law","isPartOf":{"@id":"https:\/\/codolaw.com\/#website"},"datePublished":"2020-10-29T03:04:58+00:00","dateModified":"2020-12-10T19:57:01+00:00","breadcrumb":{"@id":"https:\/\/codolaw.com\/es\/gabriel-dominelli-bio\/#breadcrumb"},"inLanguage":"es","potentialAction":[{"@type":"ReadAction","target":["https:\/\/codolaw.com\/es\/gabriel-dominelli-bio\/"]}]},{"@type":"BreadcrumbList","@id":"https:\/\/codolaw.com\/es\/gabriel-dominelli-bio\/#breadcrumb","itemListElement":[{"@type":"ListItem","position":1,"name":"Home","item":"https:\/\/codolaw.com\/es\/"},{"@type":"ListItem","position":2,"name":"Gabriel A. Dominelli, ESQ."}]},{"@type":"WebSite","@id":"https:\/\/codolaw.com\/#website","url":"https:\/\/codolaw.com\/","name":"Colgan Dominelli Law","description":"Injury &amp; Car Accident Lawyers","potentialAction":[{"@type":"SearchAction","target":{"@type":"EntryPoint","urlTemplate":"https:\/\/codolaw.com\/?s={search_term_string}"},"query-input":{"@type":"PropertyValueSpecification","valueRequired":true,"valueName":"search_term_string"}}],"inLanguage":"es"}]}},"_links":{"self":[{"href":"http:\/\/codolaw.com\/es\/wp-json\/wp\/v2\/pages\/2878"}],"collection":[{"href":"http:\/\/codolaw.com\/es\/wp-json\/wp\/v2\/pages"}],"about":[{"href":"http:\/\/codolaw.com\/es\/wp-json\/wp\/v2\/types\/page"}],"author":[{"embeddable":true,"href":"http:\/\/codolaw.com\/es\/wp-json\/wp\/v2\/users\/2"}],"replies":[{"embeddable":true,"href":"http:\/\/codolaw.com\/es\/wp-json\/wp\/v2\/comments?post=2878"}],"version-history":[{"count":14,"href":"http:\/\/codolaw.com\/es\/wp-json\/wp\/v2\/pages\/2878\/revisions"}],"predecessor-version":[{"id":3401,"href":"http:\/\/codolaw.com\/es\/wp-json\/wp\/v2\/pages\/2878\/revisions\/3401"}],"wp:attachment":[{"href":"http:\/\/codolaw.com\/es\/wp-json\/wp\/v2\/media?parent=2878"}],"curies":[{"name":"wp","href":"https:\/\/api.w.org\/{rel}","templated":true}]}}