{"id":2739,"date":"2020-10-21T16:35:13","date_gmt":"2020-10-21T16:35:13","guid":{"rendered":"http:\/\/s696044065.onlinehome.us\/?page_id=2739"},"modified":"2021-02-24T23:01:43","modified_gmt":"2021-02-24T23:01:43","slug":"wesley-b-colgan-bio","status":"publish","type":"page","link":"http:\/\/codolaw.com\/es\/wesley-b-colgan-bio\/","title":{"rendered":"Wesley B. Colgan, ESQ"},"content":{"rendered":"<div class=\"wpb-content-wrapper\"><div data-mkd-parallax-speed=\"1\" class=\"vc_row wpb_row vc_row-fluid mkd-section mkd-content-aligment-left\" style=\"\"><div class=\"clearfix mkd-full-section-inner\"><div class=\"wpb_column vc_column_container vc_col-sm-8\"><div class=\"vc_column-inner\"><div class=\"wpb_wrapper\">\n\t<div class=\"wpb_text_column wpb_content_element\" >\n\t\t<div class=\"wpb_wrapper\">\n\t\t\t<h4>WESLEY B. COLGAN III, ESQ.<\/h4>\n<p><strong>Socio Fundador<\/strong><\/p>\n<p>&nbsp;<\/p>\n<p>Wesley naci\u00f3 y se cri\u00f3 en los suburbios de Filadelfia y se gradu\u00f3 de Boston College con doble especializaci\u00f3n en ciencias pol\u00edticas y sociolog\u00eda. Obtuvo su t\u00edtulo de abogado en la Facultad de Derecho de Florida Coastal en Jacksonville, Florida en 2007 y se mud\u00f3 a Miami para comenzar su carrera legal al a\u00f1o siguiente. Mientras esperaba la admisi\u00f3n al Florida Bar, Wesley comenz\u00f3 a trabajar como voluntario en el programa \"Put Something Back\" de Asistencia Legal para el Condado Dade. Fue durante este per\u00edodo que se dio cuenta por primera vez de la importancia vital de una representaci\u00f3n legal competente y solidaria para la gente de Miami Dade.<\/p>\n<p>&nbsp;<\/p>\n<p>Wesley eventualmente obtuvo su licencia para ejercer la abogac\u00eda en el estado de Florida y fue contratado como abogado asociado en una firma privada que se ocupaba de la defensa de ejecuci\u00f3n hipotecaria en el oto\u00f1o de 2008. Su s\u00f3lida \u00e9tica de trabajo y habilidades de investigaci\u00f3n lo llevaron a ser seleccionado para administrar una propiedad inmobiliaria. proyecto en Costa Rica durante ocho meses. Mientras viv\u00eda en el coraz\u00f3n de San Jos\u00e9, se le present\u00f3 la oportunidad perfecta para aprender el idioma espa\u00f1ol. Esta enriquecedora experiencia le permiti\u00f3 relacionarse tanto profesional como personalmente con muchas m\u00e1s personas en el \u00e1rea de Miami a su regreso.<\/p>\n<p>&nbsp;<\/p>\n<p>En 2011 Wesley dio un giro completo cuando le ofrecieron un puesto de un a\u00f1o como abogado de Asistencia Legal en el Condado Dade, especializado en defensa de ejecuci\u00f3n hipotecaria y cobro de deudas. Hasta el d\u00eda de hoy, todav\u00eda mantiene relaciones s\u00f3lidas con sus compa\u00f1eros de trabajo en Asistencia Legal, as\u00ed como con varios de sus clientes pro-bono a los que tuvo el placer de representar durante sus momentos de necesidad.<\/p>\n<p>&nbsp;<\/p>\n<p>Despu\u00e9s de su mandato en Asistencia Legal, Wesley pas\u00f3 a trabajar como abogado interno para una importante compa\u00f1\u00eda de seguros. Pas\u00f3 los siguientes cinco a\u00f1os perfeccionando sus habilidades en litigio y aprendiendo las complejidades de la industria de seguros. Al cierre de 2016 cruz\u00f3 y desde entonces ha dedicado su tiempo y experiencia a representar a los heridos y a asegurarse de que sean tratados de manera justa y equitativa en todas las etapas del proceso, desde el accidente hasta el acuerdo o, si es necesario, el veredicto.<\/p>\n\n\t\t<\/div>\n\t<\/div>\n<\/div><\/div><\/div><div class=\"wpb_column vc_column_container vc_col-sm-4\"><div class=\"vc_column-inner\"><div class=\"wpb_wrapper\">\n\t<div  class=\"wpb_single_image wpb_content_element vc_align_right wpb_content_element\">\n\t\t\n\t\t<figure class=\"wpb_wrapper vc_figure\">\n\t\t\t<div class=\"vc_single_image-wrapper   vc_box_border_grey\"><img loading=\"lazy\" decoding=\"async\" width=\"750\" height=\"860\" src=\"https:\/\/codolaw.com\/wp-content\/uploads\/2020\/10\/Wesley-Bio.png\" class=\"vc_single_image-img attachment-large\" alt=\"\" title=\"Wesley Bio\" srcset=\"https:\/\/codolaw.com\/wp-content\/uploads\/2020\/10\/Wesley-Bio.png 750w, https:\/\/codolaw.com\/wp-content\/uploads\/2020\/10\/Wesley-Bio-262x300.png 262w, https:\/\/codolaw.com\/wp-content\/uploads\/2020\/10\/Wesley-Bio-600x688.png 600w\" sizes=\"(max-width: 750px) 100vw, 750px\" \/><\/div>\n\t\t<\/figure>\n\t<\/div>\n<\/div><\/div><\/div><\/div><\/div><div data-mkd-parallax-speed=\"1\" class=\"vc_row wpb_row vc_row-fluid mkd-section mkd-content-aligment-left\" style=\"\"><div class=\"clearfix mkd-full-section-inner\"><div class=\"wpb_column vc_column_container vc_col-sm-12\"><div class=\"vc_column-inner\"><div class=\"wpb_wrapper\">\n\n\t<div class=\"mkd-call-to-action normal\" >\n\n\t\t\t\t<div class=\"mkd-container-inner\">\n\t\t\t\t\t<div class=\"mkd-call-to-action-row-66-33 clearfix\" style=\"padding: 22px;\">\n\t\t\n\t\t\t\t<div class=\"mkd-text-wrapper mkd-call-to-action-column1 mkd-call-to-action-cell\">\n\n\t\t\t\t\n\t\t\t\t\t<div class=\"mkd-call-to-action-text\" >\n\t\t\t\t\t\t<p>\"Siempre ser\u00e9 sincero contigo. Lo bueno, lo malo y <em>especialmente<\/em> lo feo. Al final del caso, puede que no le agrade mucho, pero confiar\u00e1 en m\u00ed; para un abogado, eso es lo m\u00e1s importante\".<\/p>\n\t\t\t\t\t<\/div>\n\n\t\t\t\t<\/div>\n\n\t\t\t\t\n\t\t\t\t\t<div class=\"mkd-button-wrapper mkd-call-to-action-column2 mkd-call-to-action-cell\" style =\"text-align: right ;\">\n\n\t\t\t\t\t\t<a href=\"http:\/\/codolaw.com\/es\/contact-us\/\" target=\"_self\"  class=\"mkd-btn mkd-btn-medium mkd-btn-solid\"  >    <span class=\"mkd-btn-text\"  >\u00a1Cont\u00e1ctame hoy!<\/span><\/a>\n\t\t\t\t\t<\/div>\n\n\t\t\t\t\n\t\t\t<\/div>\n\n\t\t\t\t<\/div>\n\t\t\n\t<\/div>\n\n<\/div><\/div><\/div><\/div><\/div>\n<\/div>","protected":false},"excerpt":{"rendered":"WESLEY B. COLGAN III, ESQ. Founding Partner &nbsp; Wesley was born and raised in suburban Philadelphia and graduated from Boston College with double majors in political science and sociology. \u00a0He earned his law degree from Florida Coastal School of Law in Jacksonville, Florida in 2007 and moved to Miami to start his legal career the following year. \u00a0While awaiting admission to the Florida Bar Wesley began volunteering at the Dade County Legal Aid\u2019s \u201cPut Something Back\u201d program. \u00a0It was during this period that he first realized the vital importance of competent and caring legal representation to the people of Miami...","protected":false},"author":2,"featured_media":0,"parent":0,"menu_order":0,"comment_status":"closed","ping_status":"closed","template":"","meta":{"footnotes":""},"yoast_head":"<!-- This site is optimized with the Yoast SEO plugin v23.6 - https:\/\/yoast.com\/wordpress\/plugins\/seo\/ -->\n<title>Wesley B. Colgan, ESQ - Colgan Dominelli Law<\/title>\n<meta name=\"robots\" content=\"index, follow, max-snippet:-1, max-image-preview:large, max-video-preview:-1\" \/>\n<link rel=\"canonical\" href=\"https:\/\/www.floridabar.org\/directories\/find-mbr\/profile\/?num=59902\" \/>\n<meta property=\"og:locale\" content=\"es_ES\" \/>\n<meta property=\"og:type\" content=\"article\" \/>\n<meta property=\"og:title\" content=\"Wesley B. Colgan, ESQ - Colgan Dominelli Law\" \/>\n<meta property=\"og:url\" content=\"https:\/\/www.floridabar.org\/directories\/find-mbr\/profile\/?num=59902\" \/>\n<meta property=\"og:site_name\" content=\"Colgan Dominelli Law\" \/>\n<meta property=\"article:modified_time\" content=\"2021-02-24T23:01:43+00:00\" \/>\n<meta name=\"twitter:card\" content=\"summary_large_image\" \/>\n<meta name=\"twitter:label1\" content=\"Tiempo de lectura\" \/>\n\t<meta name=\"twitter:data1\" content=\"2 minutos\" \/>\n<script type=\"application\/ld+json\" class=\"yoast-schema-graph\">{\"@context\":\"https:\/\/schema.org\",\"@graph\":[{\"@type\":\"WebPage\",\"@id\":\"http:\/\/codolaw.com\/es\/wesley-b-colgan-bio\/\",\"url\":\"https:\/\/www.floridabar.org\/directories\/find-mbr\/profile\/?num=59902\",\"name\":\"Wesley B. Colgan, ESQ - Colgan Dominelli Law\",\"isPartOf\":{\"@id\":\"https:\/\/codolaw.com\/#website\"},\"datePublished\":\"2020-10-21T16:35:13+00:00\",\"dateModified\":\"2021-02-24T23:01:43+00:00\",\"breadcrumb\":{\"@id\":\"https:\/\/www.floridabar.org\/directories\/find-mbr\/profile\/?num=59902#breadcrumb\"},\"inLanguage\":\"es\",\"potentialAction\":[{\"@type\":\"ReadAction\",\"target\":[\"https:\/\/www.floridabar.org\/directories\/find-mbr\/profile\/?num=59902\"]}]},{\"@type\":\"BreadcrumbList\",\"@id\":\"https:\/\/www.floridabar.org\/directories\/find-mbr\/profile\/?num=59902#breadcrumb\",\"itemListElement\":[{\"@type\":\"ListItem\",\"position\":1,\"name\":\"Home\",\"item\":\"https:\/\/codolaw.com\/es\/\"},{\"@type\":\"ListItem\",\"position\":2,\"name\":\"Wesley B. Colgan, ESQ\"}]},{\"@type\":\"WebSite\",\"@id\":\"https:\/\/codolaw.com\/#website\",\"url\":\"https:\/\/codolaw.com\/\",\"name\":\"Colgan Dominelli Law\",\"description\":\"Injury &amp; Car Accident Lawyers\",\"potentialAction\":[{\"@type\":\"SearchAction\",\"target\":{\"@type\":\"EntryPoint\",\"urlTemplate\":\"https:\/\/codolaw.com\/?s={search_term_string}\"},\"query-input\":{\"@type\":\"PropertyValueSpecification\",\"valueRequired\":true,\"valueName\":\"search_term_string\"}}],\"inLanguage\":\"es\"}]}<\/script>\n<!-- \/ Yoast SEO plugin. -->","yoast_head_json":{"title":"Wesley B. Colgan, ESQ - Colgan Dominelli Law","robots":{"index":"index","follow":"follow","max-snippet":"max-snippet:-1","max-image-preview":"max-image-preview:large","max-video-preview":"max-video-preview:-1"},"canonical":"https:\/\/www.floridabar.org\/directories\/find-mbr\/profile\/?num=59902","og_locale":"es_ES","og_type":"article","og_title":"Wesley B. Colgan, ESQ - Colgan Dominelli Law","og_url":"https:\/\/www.floridabar.org\/directories\/find-mbr\/profile\/?num=59902","og_site_name":"Colgan Dominelli Law","article_modified_time":"2021-02-24T23:01:43+00:00","twitter_card":"summary_large_image","twitter_misc":{"Tiempo de lectura":"2 minutos"},"schema":{"@context":"https:\/\/schema.org","@graph":[{"@type":"WebPage","@id":"http:\/\/codolaw.com\/es\/wesley-b-colgan-bio\/","url":"https:\/\/www.floridabar.org\/directories\/find-mbr\/profile\/?num=59902","name":"Wesley B. Colgan, ESQ - Colgan Dominelli Law","isPartOf":{"@id":"https:\/\/codolaw.com\/#website"},"datePublished":"2020-10-21T16:35:13+00:00","dateModified":"2021-02-24T23:01:43+00:00","breadcrumb":{"@id":"https:\/\/www.floridabar.org\/directories\/find-mbr\/profile\/?num=59902#breadcrumb"},"inLanguage":"es","potentialAction":[{"@type":"ReadAction","target":["https:\/\/www.floridabar.org\/directories\/find-mbr\/profile\/?num=59902"]}]},{"@type":"BreadcrumbList","@id":"https:\/\/www.floridabar.org\/directories\/find-mbr\/profile\/?num=59902#breadcrumb","itemListElement":[{"@type":"ListItem","position":1,"name":"Home","item":"https:\/\/codolaw.com\/es\/"},{"@type":"ListItem","position":2,"name":"Wesley B. Colgan, ESQ"}]},{"@type":"WebSite","@id":"https:\/\/codolaw.com\/#website","url":"https:\/\/codolaw.com\/","name":"Colgan Dominelli Law","description":"Injury &amp; Car Accident Lawyers","potentialAction":[{"@type":"SearchAction","target":{"@type":"EntryPoint","urlTemplate":"https:\/\/codolaw.com\/?s={search_term_string}"},"query-input":{"@type":"PropertyValueSpecification","valueRequired":true,"valueName":"search_term_string"}}],"inLanguage":"es"}]}},"_links":{"self":[{"href":"http:\/\/codolaw.com\/es\/wp-json\/wp\/v2\/pages\/2739"}],"collection":[{"href":"http:\/\/codolaw.com\/es\/wp-json\/wp\/v2\/pages"}],"about":[{"href":"http:\/\/codolaw.com\/es\/wp-json\/wp\/v2\/types\/page"}],"author":[{"embeddable":true,"href":"http:\/\/codolaw.com\/es\/wp-json\/wp\/v2\/users\/2"}],"replies":[{"embeddable":true,"href":"http:\/\/codolaw.com\/es\/wp-json\/wp\/v2\/comments?post=2739"}],"version-history":[{"count":29,"href":"http:\/\/codolaw.com\/es\/wp-json\/wp\/v2\/pages\/2739\/revisions"}],"predecessor-version":[{"id":3292,"href":"http:\/\/codolaw.com\/es\/wp-json\/wp\/v2\/pages\/2739\/revisions\/3292"}],"wp:attachment":[{"href":"http:\/\/codolaw.com\/es\/wp-json\/wp\/v2\/media?parent=2739"}],"curies":[{"name":"wp","href":"https:\/\/api.w.org\/{rel}","templated":true}]}}